{"id":226,"date":"2019-08-26T11:13:38","date_gmt":"2019-08-26T11:13:38","guid":{"rendered":"http:\/\/5ghorses.com\/?post_type=product&#038;p=226"},"modified":"2024-03-02T20:16:09","modified_gmt":"2024-03-02T20:16:09","slug":"5g-satulansuoja","status":"publish","type":"product","link":"https:\/\/5ghorses.com\/index.php\/tuote\/5g-satulansuoja\/","title":{"rendered":"5G-satulansuoja"},"content":{"rendered":"<p>Vett\u00e4 hylkiv\u00e4 musta satulansuoja islanninhevossatulalle. 5G-horses logo prodeerattu molemmin puolin valkoisella + kiristysnauha helmassa,<br \/>\nSuojaa satulaa kosteudelta, p\u00f6lylt\u00e4, kissoilta jne sek\u00e4 n\u00e4ytt\u00e4\u00e4 tyylikk\u00e4\u00e4lt\u00e4.<\/p>\n","protected":false},"excerpt":{"rendered":"<p>Vett\u00e4 hylkiv\u00e4 musta satulansuoja islanninhevossatulalle. 5G-horses logo prodeerattu molemmin puolin valkoisella + kiristysnauha helmassa, Suojaa satulaa kosteudelta, p\u00f6lylt\u00e4, kissoilta jne sek\u00e4 n\u00e4ytt\u00e4\u00e4 tyylikk\u00e4\u00e4lt\u00e4.<\/p>\n","protected":false},"featured_media":178,"comment_status":"open","ping_status":"closed","template":"","meta":{"sfsi_plus_gutenberg_text_before_share":"","sfsi_plus_gutenberg_show_text_before_share":"","sfsi_plus_gutenberg_icon_type":"","sfsi_plus_gutenberg_icon_alignemt":"","sfsi_plus_gutenburg_max_per_row":""},"product_cat":[18],"product_tag":[24],"brands":[{"id":19,"name":"5Ghorses","slug":"5ghorses"}],"_links":{"self":[{"href":"https:\/\/5ghorses.com\/index.php\/wp-json\/wp\/v2\/product\/226"}],"collection":[{"href":"https:\/\/5ghorses.com\/index.php\/wp-json\/wp\/v2\/product"}],"about":[{"href":"https:\/\/5ghorses.com\/index.php\/wp-json\/wp\/v2\/types\/product"}],"replies":[{"embeddable":true,"href":"https:\/\/5ghorses.com\/index.php\/wp-json\/wp\/v2\/comments?post=226"}],"wp:featuredmedia":[{"embeddable":true,"href":"https:\/\/5ghorses.com\/index.php\/wp-json\/wp\/v2\/media\/178"}],"wp:attachment":[{"href":"https:\/\/5ghorses.com\/index.php\/wp-json\/wp\/v2\/media?parent=226"}],"wp:term":[{"taxonomy":"product_cat","embeddable":true,"href":"https:\/\/5ghorses.com\/index.php\/wp-json\/wp\/v2\/product_cat?post=226"},{"taxonomy":"product_tag","embeddable":true,"href":"https:\/\/5ghorses.com\/index.php\/wp-json\/wp\/v2\/product_tag?post=226"}],"curies":[{"name":"wp","href":"https:\/\/api.w.org\/{rel}","templated":true}]}}