{"id":187,"date":"2019-08-25T07:41:15","date_gmt":"2019-08-25T07:41:15","guid":{"rendered":"http:\/\/5ghorses.com\/?post_type=product&#038;p=187"},"modified":"2024-08-09T18:08:07","modified_gmt":"2024-08-09T18:08:07","slug":"5g-lippis","status":"publish","type":"product","link":"https:\/\/5ghorses.com\/index.php\/tuote\/5g-lippis\/","title":{"rendered":"5G lippis"},"content":{"rendered":"<p>Musta softshell lippis, jossa 5G-horses merkki. Pit\u00e4\u00e4 tuulta ja jonkin verran sadetta.<br \/>\nHarmon tuote, sis\u00e4lt\u00e4 tumman pinkki. Kiristysnauha. Kaksi kokoa S\/M =54-57 ja L\/XL 57-61<\/p>\n","protected":false},"excerpt":{"rendered":"<p>Musta softshell lippis, jossa 5G-horses merkki. Pit\u00e4\u00e4 tuulta ja jonkin verran sadetta. Harmon tuote, sis\u00e4lt\u00e4 tumman pinkki. Kiristysnauha. Kaksi kokoa S\/M =54-57 ja L\/XL 57-61<\/p>\n","protected":false},"featured_media":177,"comment_status":"open","ping_status":"closed","template":"","meta":{"sfsi_plus_gutenberg_text_before_share":"","sfsi_plus_gutenberg_show_text_before_share":"","sfsi_plus_gutenberg_icon_type":"","sfsi_plus_gutenberg_icon_alignemt":"","sfsi_plus_gutenburg_max_per_row":""},"product_cat":[18],"product_tag":[],"brands":[],"_links":{"self":[{"href":"https:\/\/5ghorses.com\/index.php\/wp-json\/wp\/v2\/product\/187"}],"collection":[{"href":"https:\/\/5ghorses.com\/index.php\/wp-json\/wp\/v2\/product"}],"about":[{"href":"https:\/\/5ghorses.com\/index.php\/wp-json\/wp\/v2\/types\/product"}],"replies":[{"embeddable":true,"href":"https:\/\/5ghorses.com\/index.php\/wp-json\/wp\/v2\/comments?post=187"}],"wp:featuredmedia":[{"embeddable":true,"href":"https:\/\/5ghorses.com\/index.php\/wp-json\/wp\/v2\/media\/177"}],"wp:attachment":[{"href":"https:\/\/5ghorses.com\/index.php\/wp-json\/wp\/v2\/media?parent=187"}],"wp:term":[{"taxonomy":"product_cat","embeddable":true,"href":"https:\/\/5ghorses.com\/index.php\/wp-json\/wp\/v2\/product_cat?post=187"},{"taxonomy":"product_tag","embeddable":true,"href":"https:\/\/5ghorses.com\/index.php\/wp-json\/wp\/v2\/product_tag?post=187"}],"curies":[{"name":"wp","href":"https:\/\/api.w.org\/{rel}","templated":true}]}}