{"id":7,"date":"2019-08-22T07:08:57","date_gmt":"2019-08-22T07:08:57","guid":{"rendered":"http:\/\/5ghorses.com\/?page_id=7"},"modified":"2021-05-07T10:36:51","modified_gmt":"2021-05-07T10:36:51","slug":"5g-horses","status":"publish","type":"page","link":"https:\/\/5ghorses.com\/index.php\/5g-horses\/","title":{"rendered":"5G-horses"},"content":{"rendered":"\n<p>Katso alta hauska video ja p\u00e4ivit\u00e4 tietosi islanninhevosesta.<\/p>\n\n\n\n<figure class=\"wp-block-embed is-type-video is-provider-vimeo wp-block-embed-vimeo wp-embed-aspect-16-9 wp-has-aspect-ratio\"><div class=\"wp-block-embed__wrapper\">\n<iframe loading=\"lazy\" title=\"The true Icelandic horse\" src=\"https:\/\/player.vimeo.com\/video\/113323901?dnt=1&amp;app_id=122963\" width=\"900\" height=\"506\" frameborder=\"0\" allow=\"autoplay; fullscreen; picture-in-picture\" allowfullscreen><\/iframe>\n<\/div><figcaption>Islanninhevonen on pieni ja vahva hevosrotu, se ei ole poni. <br><\/figcaption><\/figure>\n\n\n\n<p>Rodun suosio kasvaa jatkuvasti, niin meill\u00e4 Suomessa ja yh\u00e4 enemm\u00e4n koko maailmassa. <\/p>\n\n\n\n<figure class=\"wp-block-image\"><img loading=\"lazy\" width=\"990\" height=\"1024\" src=\"http:\/\/5ghorses.com\/wp-content\/uploads\/2019\/08\/karttaissikat-990x1024.jpeg\" alt=\"\" class=\"wp-image-8\" srcset=\"https:\/\/5ghorses.com\/wp-content\/uploads\/2019\/08\/karttaissikat-990x1024.jpeg 990w, https:\/\/5ghorses.com\/wp-content\/uploads\/2019\/08\/karttaissikat-600x620.jpeg 600w, https:\/\/5ghorses.com\/wp-content\/uploads\/2019\/08\/karttaissikat-290x300.jpeg 290w, https:\/\/5ghorses.com\/wp-content\/uploads\/2019\/08\/karttaissikat-768x794.jpeg 768w, https:\/\/5ghorses.com\/wp-content\/uploads\/2019\/08\/karttaissikat-1568x1621.jpeg 1568w, https:\/\/5ghorses.com\/wp-content\/uploads\/2019\/08\/karttaissikat.jpeg 1671w\" sizes=\"(max-width: 990px) 100vw, 990px\" \/><figcaption>Islannissa on vain islanninhevosia, vajaa 100t, Saksassa 56t, Tanskassa 40t, Ruotsissa 32t, rotu levi\u00e4\u00e4 vanhoihin hevosmaihin jatkuvasti. Suomessa on tilaa kasvulle&#8230;<\/figcaption><\/figure>\n\n\n\n<p>Suosion syit\u00e4 on monia, muun muassa islanninhevosen askellajit. Useinmilla hevosroduilla niit\u00e4 on kolme (k\u00e4ynti, ravi, laukka). T\u00f6ltti ja passi ovat islanninhevosen omia tapoja liikkua. <br><br>T\u00f6ltti on tasainen, oli vauhti hiljainen tai kova, jokainen jalka k\u00e4y maassa omaan tahtiinsa eik\u00e4 ratsastaja tunne satulassa pompintaa. Kilpailuissa arvostetaan paitsi puhdasta tahtia my\u00f6s n\u00e4ytt\u00e4vi\u00e4 joustavia liikkeit\u00e4.<br>Passi on nopein askellaji. Siin\u00e4 hevonen vuoroin liit\u00e4\u00e4 ja vuoroin samanpuolen jalat k\u00e4yv\u00e4t maassa antamassa vauhtia. Kaikilla islanninhevosilla ei ole t\u00e4t\u00e4 viidett\u00e4 askellajia, siksi puhutaan 4- tai 5-k\u00e4yntihevosista. Jalostuksessa toivotaan kaikkien askellajien s\u00e4ilytt\u00e4mist\u00e4.<br><br>Islanninhevonen on hevosmaailman eko-tuote, se on vaatimaton ja p\u00e4rj\u00e4\u00e4 pienemmin resurssein kuin isommat sukulaisensa. <br>Luonteeltaan   islanninhevoset eli issikat ovat sosiaalisia laumael\u00e4imi\u00e4. Ne haluavat el\u00e4\u00e4 mieluiten ulkona, jopa ymp\u00e4rivuotisesti. Paksu talvikarva mahdollistaa sen Suomessakin. Hevosten k\u00e4sittely on helppoa ja ne ottavat ihmisen hyvin huomioon ja yst\u00e4v\u00e4kseen. Islanninhevonen on vire\u00e4 ratsu.  . Sen ratsastuksessa vaaditaan yht\u00e4 lailla paljon aikaa, treeni\u00e4 ja osaamista kuin isompienkin hevosten kanssa, jotta saavutetaan menestyst\u00e4.  <br><\/p>\n\n\n\n<p>Kaikki islanninhevoset ovat puhdasrotuisia. Niiden kantakirja on suljettu jo 1100-luvulla, eik\u00e4 risteytyksi\u00e4 sallita. Suomeen on aikoinaan tuotu jalostukseen huippuyksil\u00f6it\u00e4 ja niiden j\u00e4lki on n\u00e4ht\u00e4viss\u00e4 t\u00e4m\u00e4n p\u00e4iv\u00e4n kasvatuksessa. T\u00e4n\u00e4 p\u00e4iv\u00e4n\u00e4 huippuyksil\u00f6it\u00e4 syntyy my\u00f6s Suomessa, niit\u00e4 ei tarvitse etsi\u00e4 kaukaa. 5Ghorses tiimin tarkoituksena on todistaa t\u00e4m\u00e4 k\u00e4yt\u00e4nn\u00f6ss\u00e4.<\/p>\n","protected":false},"excerpt":{"rendered":"<p>Katso alta hauska video ja p\u00e4ivit\u00e4 tietosi islanninhevosesta. Rodun suosio kasvaa jatkuvasti, niin meill\u00e4 Suomessa ja yh\u00e4 enemm\u00e4n koko maailmassa. Suosion syit\u00e4 on monia, muun muassa islanninhevosen askellajit. Useinmilla hevosroduilla&hellip;<\/p>\n<div class=\"read-more\"><a href=\"https:\/\/5ghorses.com\/index.php\/5g-horses\/\" class=\"read-more-link\">See More<\/a><\/div>\n","protected":false},"author":1,"featured_media":0,"parent":0,"menu_order":0,"comment_status":"closed","ping_status":"closed","template":"","meta":{"sfsi_plus_gutenberg_text_before_share":"","sfsi_plus_gutenberg_show_text_before_share":"","sfsi_plus_gutenberg_icon_type":"","sfsi_plus_gutenberg_icon_alignemt":"","sfsi_plus_gutenburg_max_per_row":""},"_links":{"self":[{"href":"https:\/\/5ghorses.com\/index.php\/wp-json\/wp\/v2\/pages\/7"}],"collection":[{"href":"https:\/\/5ghorses.com\/index.php\/wp-json\/wp\/v2\/pages"}],"about":[{"href":"https:\/\/5ghorses.com\/index.php\/wp-json\/wp\/v2\/types\/page"}],"author":[{"embeddable":true,"href":"https:\/\/5ghorses.com\/index.php\/wp-json\/wp\/v2\/users\/1"}],"replies":[{"embeddable":true,"href":"https:\/\/5ghorses.com\/index.php\/wp-json\/wp\/v2\/comments?post=7"}],"version-history":[{"count":11,"href":"https:\/\/5ghorses.com\/index.php\/wp-json\/wp\/v2\/pages\/7\/revisions"}],"predecessor-version":[{"id":20553,"href":"https:\/\/5ghorses.com\/index.php\/wp-json\/wp\/v2\/pages\/7\/revisions\/20553"}],"wp:attachment":[{"href":"https:\/\/5ghorses.com\/index.php\/wp-json\/wp\/v2\/media?parent=7"}],"curies":[{"name":"wp","href":"https:\/\/api.w.org\/{rel}","templated":true}]}}