{"id":54,"date":"2019-08-22T17:36:45","date_gmt":"2019-08-22T17:36:45","guid":{"rendered":"http:\/\/5ghorses.com\/?page_id=54"},"modified":"2019-09-05T15:07:55","modified_gmt":"2019-09-05T15:07:55","slug":"5g-patrners","status":"publish","type":"page","link":"https:\/\/5ghorses.com\/index.php\/5g-patrners\/","title":{"rendered":"5G-partners"},"content":{"rendered":"\n<h2>Sponsorit<\/h2>\n\n\n\n<p>Meit\u00e4 sponsoroivat yritykset uskovat meihin ja me haluamme olla hyvi\u00e4 kumppaneita heille. Siksi arvojenkin on oltava samankaltaisia. <br>Tarvitsemme taloudellista tukea ja olemme tehneet kolme eritasoista ehdotusta valmiiksi vaihtoehdoiksi. Tarvittaessa voidaan sopia erikseenkin r\u00e4\u00e4t\u00e4l\u00f6ity sopimus.<br>Jos olet kiinnostunut, otamme yhteytt\u00e4, j\u00e4t\u00e4 yhteydenottopyynt\u00f6 t\u00e4st\u00e4 <\/p>\n\n\n<div class=\"wpforms-container wpforms-container-full\" id=\"wpforms-375\"><form id=\"wpforms-form-375\" class=\"wpforms-validate wpforms-form\" data-formid=\"375\" method=\"post\" enctype=\"multipart\/form-data\" action=\"\/index.php\/wp-json\/wp\/v2\/pages\/54\" data-token=\"beb2d1110fd755abf201802ac965ca75\"><noscript class=\"wpforms-error-noscript\">Please enable JavaScript in your browser to complete this form.<\/noscript><div class=\"wpforms-field-container\"><div id=\"wpforms-375-field_0-container\" class=\"wpforms-field wpforms-field-name\" data-field-id=\"0\"><label class=\"wpforms-field-label\" for=\"wpforms-375-field_0\">Nimi <span class=\"wpforms-required-label\">*<\/span><\/label><input type=\"text\" id=\"wpforms-375-field_0\" class=\"wpforms-field-medium wpforms-field-required\" name=\"wpforms[fields][0]\" required><\/div><div id=\"wpforms-375-field_4-container\" class=\"wpforms-field wpforms-field-text\" data-field-id=\"4\"><label class=\"wpforms-field-label\" for=\"wpforms-375-field_4\">Yritys<\/label><input type=\"text\" id=\"wpforms-375-field_4\" class=\"wpforms-field-medium\" name=\"wpforms[fields][4]\" ><\/div><div id=\"wpforms-375-field_1-container\" class=\"wpforms-field wpforms-field-email\" data-field-id=\"1\"><label class=\"wpforms-field-label\" for=\"wpforms-375-field_1\">Email <span class=\"wpforms-required-label\">*<\/span><\/label><input type=\"email\" id=\"wpforms-375-field_1\" class=\"wpforms-field-medium wpforms-field-required\" name=\"wpforms[fields][1]\" required><\/div><div id=\"wpforms-375-field_3-container\" class=\"wpforms-field wpforms-field-number\" data-field-id=\"3\"><label class=\"wpforms-field-label\" for=\"wpforms-375-field_3\">Puhelin<\/label><input type=\"number\" pattern=\"\\d*\" id=\"wpforms-375-field_3\" class=\"wpforms-field-medium\" name=\"wpforms[fields][3]\" ><\/div><div id=\"wpforms-375-field_2-container\" class=\"wpforms-field wpforms-field-textarea\" data-field-id=\"2\"><label class=\"wpforms-field-label\" for=\"wpforms-375-field_2\">Viestisi <span class=\"wpforms-required-label\">*<\/span><\/label><textarea id=\"wpforms-375-field_2\" class=\"wpforms-field-medium wpforms-field-required\" name=\"wpforms[fields][2]\" required><\/textarea><\/div><\/div><div class=\"wpforms-field wpforms-field-hp\"><label for=\"wpforms-375-field-hp\" class=\"wpforms-field-label\">Website<\/label><input type=\"text\" name=\"wpforms[hp]\" id=\"wpforms-375-field-hp\" class=\"wpforms-field-medium\"><\/div><div class=\"wpforms-submit-container\"><input type=\"hidden\" name=\"wpforms[id]\" value=\"375\"><input type=\"hidden\" name=\"wpforms[author]\" value=\"1\"><button type=\"submit\" name=\"wpforms[submit]\" id=\"wpforms-submit-375\" class=\"wpforms-submit\" data-alt-text=\"Sending...\" data-submit-text=\"L\u00e4het\u00e4\" aria-live=\"assertive\" value=\"wpforms-submit\">L\u00e4het\u00e4<\/button><\/div><\/form><\/div>  <!-- .wpforms-container -->\n\n\n<p><\/p>\n\n\n\n<h2>Yhteisty\u00f6kumppanit<\/h2>\n\n\n\n<p>Yhteisty\u00f6kumppanit auttavat tiimi\u00e4 lahjoittamalla tuotteita tai palveluitaan.  My\u00f6s t\u00e4m\u00e4 tapa tukea on t\u00e4rke\u00e4 ja mieluusti k\u00e4yt\u00e4mme ja n\u00e4yt\u00e4mme hyvi\u00e4 asioita, kuinka ne toimivat meill\u00e4. Ota yhteytt\u00e4 jos kaipaat n\u00e4kyvyytt\u00e4 hyv\u00e4lle tuotteelle tai palvelulle, neuvotellaan sopiva paketti.<\/p>\n\n\n<div class=\"wpforms-container wpforms-container-full\" id=\"wpforms-546\"><form id=\"wpforms-form-546\" class=\"wpforms-validate wpforms-form\" data-formid=\"546\" method=\"post\" enctype=\"multipart\/form-data\" action=\"\/index.php\/wp-json\/wp\/v2\/pages\/54\" data-token=\"24f9266c563c46b70f443f7c483baa91\"><noscript class=\"wpforms-error-noscript\">Please enable JavaScript in your browser to complete this form.<\/noscript><div class=\"wpforms-field-container\"><div id=\"wpforms-546-field_1-container\" class=\"wpforms-field wpforms-field-text\" data-field-id=\"1\"><label class=\"wpforms-field-label\" for=\"wpforms-546-field_1\">Nimi \/ Yritys<\/label><input type=\"text\" id=\"wpforms-546-field_1\" class=\"wpforms-field-medium\" name=\"wpforms[fields][1]\" ><\/div><div id=\"wpforms-546-field_2-container\" class=\"wpforms-field wpforms-field-email\" data-field-id=\"2\"><label class=\"wpforms-field-label\" for=\"wpforms-546-field_2\">Email <span class=\"wpforms-required-label\">*<\/span><\/label><input type=\"email\" id=\"wpforms-546-field_2\" class=\"wpforms-field-medium wpforms-field-required\" name=\"wpforms[fields][2]\" required><\/div><div id=\"wpforms-546-field_3-container\" class=\"wpforms-field wpforms-field-number\" data-field-id=\"3\"><label class=\"wpforms-field-label\" for=\"wpforms-546-field_3\">Puhelin<\/label><input type=\"number\" pattern=\"\\d*\" id=\"wpforms-546-field_3\" class=\"wpforms-field-medium\" name=\"wpforms[fields][3]\" ><\/div><div id=\"wpforms-546-field_4-container\" class=\"wpforms-field wpforms-field-radio\" data-field-id=\"4\"><label class=\"wpforms-field-label\" for=\"wpforms-546-field_4\">Olisin kiinnostunut tarjoamaan <\/label><ul id=\"wpforms-546-field_4\"><li class=\"choice-1 depth-1\"><input type=\"radio\" id=\"wpforms-546-field_4_1\" name=\"wpforms[fields][4]\" value=\"tuotteita\"  ><label class=\"wpforms-field-label-inline\" for=\"wpforms-546-field_4_1\">tuotteita<\/label><\/li><li class=\"choice-4 depth-1\"><input type=\"radio\" id=\"wpforms-546-field_4_4\" name=\"wpforms[fields][4]\" value=\"palveluita\"  ><label class=\"wpforms-field-label-inline\" for=\"wpforms-546-field_4_4\">palveluita<\/label><\/li><li class=\"choice-2 depth-1\"><input type=\"radio\" id=\"wpforms-546-field_4_2\" name=\"wpforms[fields][4]\" value=\"talkooapua\"  ><label class=\"wpforms-field-label-inline\" for=\"wpforms-546-field_4_2\">talkooapua<\/label><\/li><li class=\"choice-3 depth-1\"><input type=\"radio\" id=\"wpforms-546-field_4_3\" name=\"wpforms[fields][4]\" value=\"rahaa yksityishenkil\u00f6n\u00e4 \"  ><label class=\"wpforms-field-label-inline\" for=\"wpforms-546-field_4_3\">rahaa yksityishenkil\u00f6n\u00e4 <\/label><\/li><\/ul><\/div><div id=\"wpforms-546-field_5-container\" class=\"wpforms-field wpforms-field-textarea\" data-field-id=\"5\"><label class=\"wpforms-field-label\" for=\"wpforms-546-field_5\">Kerro lis\u00e4\u00e4 \ud83d\ude42<\/label><textarea id=\"wpforms-546-field_5\" class=\"wpforms-field-medium\" name=\"wpforms[fields][5]\" ><\/textarea><\/div><\/div><div class=\"wpforms-field wpforms-field-hp\"><label for=\"wpforms-546-field-hp\" class=\"wpforms-field-label\">Website<\/label><input type=\"text\" name=\"wpforms[hp]\" id=\"wpforms-546-field-hp\" class=\"wpforms-field-medium\"><\/div><div class=\"wpforms-submit-container\"><input type=\"hidden\" name=\"wpforms[id]\" value=\"546\"><input type=\"hidden\" name=\"wpforms[author]\" value=\"1\"><button type=\"submit\" name=\"wpforms[submit]\" id=\"wpforms-submit-546\" class=\"wpforms-submit\" data-alt-text=\"Sending...\" data-submit-text=\"L\u00e4het\u00e4\" aria-live=\"assertive\" value=\"wpforms-submit\">L\u00e4het\u00e4<\/button><\/div><\/form><\/div>  <!-- .wpforms-container -->\n\n\n<h2>Ratsukot<\/h2>\n\n\n\n<p>Tuntuuko t\u00e4m\u00e4 tiimi sellaiselta ett\u00e4 haluaisit olla mukana ratsastajana tai hevosen omistajana ? Olet ahkera ja tavoitteellinen ratsastaja ? Sinulta ehk\u00e4 puuttuu hevonen, jolla edet\u00e4 ? Vai onko sinulla hevonen, jonka haluaisit mukaan valmentautumaan tavoitteellisen ratsastajan kanssa ja hyv\u00e4ss\u00e4 valmennuksessa ? Parhaassa tapauksessa sinulla on halu menesty\u00e4, sopiva hevonen ja haluat mukaan tiimiin menestym\u00e4\u00e4n.<br>Tiimin tarkoituksena on mahdollistaa menestys. Usein talousasiat nousevat my\u00f6s esteeksi edisty\u00e4. Sponsorien kanssa teht\u00e4v\u00e4 yhteisty\u00f6 luo mahdollisuuksia saada tukea my\u00f6s taloudellisesti, esim valmennuksiin, matkoihin, kilpailujen kustannuksiin. Olet valmis tekem\u00e4\u00e4n asioita my\u00f6s sponsorien ja yhteisty\u00f6kumppanien kanssa, edustamaan heit\u00e4  esiintymisell\u00e4si ja tekemisell\u00e4si.<br>Ota yhteytt\u00e4 ja kerro kiinnostuksestasi ja resursseistasi.<br>Varmimmin &#8221;talliin&#8221; p\u00e4\u00e4set jos pystyt tuomaan mukanasi sopivan sponsorin.<\/p>\n\n\n<div class=\"wpforms-container wpforms-container-full\" id=\"wpforms-548\"><form id=\"wpforms-form-548\" class=\"wpforms-validate wpforms-form\" data-formid=\"548\" method=\"post\" enctype=\"multipart\/form-data\" action=\"\/index.php\/wp-json\/wp\/v2\/pages\/54\" data-token=\"facedcb4062015993db460e9fdaddb46\"><noscript class=\"wpforms-error-noscript\">Please enable JavaScript in your browser to complete this form.<\/noscript><div class=\"wpforms-field-container\"><div id=\"wpforms-548-field_0-container\" class=\"wpforms-field wpforms-field-name\" data-field-id=\"0\"><label class=\"wpforms-field-label\" for=\"wpforms-548-field_0\">Nimi <span class=\"wpforms-required-label\">*<\/span><\/label><input type=\"text\" id=\"wpforms-548-field_0\" class=\"wpforms-field-medium wpforms-field-required\" name=\"wpforms[fields][0]\" required><\/div><div id=\"wpforms-548-field_1-container\" class=\"wpforms-field wpforms-field-email\" data-field-id=\"1\"><label class=\"wpforms-field-label\" for=\"wpforms-548-field_1\">Email <span class=\"wpforms-required-label\">*<\/span><\/label><input type=\"email\" id=\"wpforms-548-field_1\" class=\"wpforms-field-medium wpforms-field-required\" name=\"wpforms[fields][1]\" required><\/div><div id=\"wpforms-548-field_3-container\" class=\"wpforms-field wpforms-field-number\" data-field-id=\"3\"><label class=\"wpforms-field-label\" for=\"wpforms-548-field_3\">Puhelin<\/label><input type=\"number\" pattern=\"\\d*\" id=\"wpforms-548-field_3\" class=\"wpforms-field-medium\" name=\"wpforms[fields][3]\" ><\/div><div id=\"wpforms-548-field_2-container\" class=\"wpforms-field wpforms-field-textarea\" data-field-id=\"2\"><label class=\"wpforms-field-label\" for=\"wpforms-548-field_2\">Viesti (kerro itsest\u00e4si tai hevosestasi) <span class=\"wpforms-required-label\">*<\/span><\/label><textarea id=\"wpforms-548-field_2\" class=\"wpforms-field-medium wpforms-field-required\" name=\"wpforms[fields][2]\" required><\/textarea><\/div><\/div><div class=\"wpforms-field wpforms-field-hp\"><label for=\"wpforms-548-field-hp\" class=\"wpforms-field-label\">Comment<\/label><input type=\"text\" name=\"wpforms[hp]\" id=\"wpforms-548-field-hp\" class=\"wpforms-field-medium\"><\/div><div class=\"wpforms-submit-container\"><input type=\"hidden\" name=\"wpforms[id]\" value=\"548\"><input type=\"hidden\" name=\"wpforms[author]\" value=\"1\"><button type=\"submit\" name=\"wpforms[submit]\" id=\"wpforms-submit-548\" class=\"wpforms-submit\" data-alt-text=\"Sending...\" data-submit-text=\"Submit\" aria-live=\"assertive\" value=\"wpforms-submit\">Submit<\/button><\/div><\/form><\/div>  <!-- .wpforms-container -->","protected":false},"excerpt":{"rendered":"<p>Sponsorit Meit\u00e4 sponsoroivat yritykset uskovat meihin ja me haluamme olla hyvi\u00e4 kumppaneita heille. Siksi arvojenkin on oltava samankaltaisia. Tarvitsemme taloudellista tukea ja olemme tehneet kolme eritasoista ehdotusta valmiiksi vaihtoehdoiksi. Tarvittaessa&hellip;<\/p>\n<div class=\"read-more\"><a href=\"https:\/\/5ghorses.com\/index.php\/5g-patrners\/\" class=\"read-more-link\">See More<\/a><\/div>\n","protected":false},"author":1,"featured_media":0,"parent":0,"menu_order":0,"comment_status":"closed","ping_status":"closed","template":"","meta":{"sfsi_plus_gutenberg_text_before_share":"","sfsi_plus_gutenberg_show_text_before_share":"","sfsi_plus_gutenberg_icon_type":"","sfsi_plus_gutenberg_icon_alignemt":"","sfsi_plus_gutenburg_max_per_row":""},"_links":{"self":[{"href":"https:\/\/5ghorses.com\/index.php\/wp-json\/wp\/v2\/pages\/54"}],"collection":[{"href":"https:\/\/5ghorses.com\/index.php\/wp-json\/wp\/v2\/pages"}],"about":[{"href":"https:\/\/5ghorses.com\/index.php\/wp-json\/wp\/v2\/types\/page"}],"author":[{"embeddable":true,"href":"https:\/\/5ghorses.com\/index.php\/wp-json\/wp\/v2\/users\/1"}],"replies":[{"embeddable":true,"href":"https:\/\/5ghorses.com\/index.php\/wp-json\/wp\/v2\/comments?post=54"}],"version-history":[{"count":21,"href":"https:\/\/5ghorses.com\/index.php\/wp-json\/wp\/v2\/pages\/54\/revisions"}],"predecessor-version":[{"id":549,"href":"https:\/\/5ghorses.com\/index.php\/wp-json\/wp\/v2\/pages\/54\/revisions\/549"}],"wp:attachment":[{"href":"https:\/\/5ghorses.com\/index.php\/wp-json\/wp\/v2\/media?parent=54"}],"curies":[{"name":"wp","href":"https:\/\/api.w.org\/{rel}","templated":true}]}}