{"id":5335,"date":"2020-02-07T09:09:27","date_gmt":"2020-02-07T09:09:27","guid":{"rendered":"http:\/\/5ghorses.com\/?page_id=5335"},"modified":"2022-10-17T14:11:22","modified_gmt":"2022-10-17T14:11:22","slug":"natalie-slogs","status":"publish","type":"page","link":"https:\/\/5ghorses.com\/index.php\/natalie-slogs\/","title":{"rendered":"Natalie Sl\u00f6gs"},"content":{"rendered":"\n<p>Natalie on vuonna 2001 syntynyt askellajiratsastaja Nurmij\u00e4rvelt\u00e4\/Vihdist\u00e4. Natalie on kilpaillut SM-tasolla 2018 vuodesta l\u00e4htien lainahevosilla. Kisaratsuina\u00a0toimivat Heidi fr\u00e1 Kaakkola ja H\u00f3lmar fra Dynum.<\/p>\n\n\n\n<figure class=\"wp-block-image size-large\"><img loading=\"lazy\" width=\"1024\" height=\"684\" src=\"http:\/\/5ghorses.com\/wp-content\/uploads\/2021\/02\/IMG_2331-002-1024x684.jpg\" alt=\"\" class=\"wp-image-17366\" srcset=\"https:\/\/5ghorses.com\/wp-content\/uploads\/2021\/02\/IMG_2331-002-1024x684.jpg 1024w, https:\/\/5ghorses.com\/wp-content\/uploads\/2021\/02\/IMG_2331-002-300x200.jpg 300w, https:\/\/5ghorses.com\/wp-content\/uploads\/2021\/02\/IMG_2331-002-768x513.jpg 768w, https:\/\/5ghorses.com\/wp-content\/uploads\/2021\/02\/IMG_2331-002-1536x1025.jpg 1536w, https:\/\/5ghorses.com\/wp-content\/uploads\/2021\/02\/IMG_2331-002-2048x1367.jpg 2048w, https:\/\/5ghorses.com\/wp-content\/uploads\/2021\/02\/IMG_2331-002-400x267.jpg 400w, https:\/\/5ghorses.com\/wp-content\/uploads\/2021\/02\/IMG_2331-002-600x401.jpg 600w\" sizes=\"(max-width: 1024px) 100vw, 1024px\" \/><\/figure>\n\n\n\n<p>Natalie ty\u00f6skentelee yritt\u00e4j\u00e4n\u00e4 ja lomittaa Etel\u00e4-Suomen alueella  islanninhevostalleilla&nbsp;sek\u00e4 ty\u00f6skentelee p\u00e4ivitt\u00e4in erilaisten&nbsp; hevosten kanssa.&nbsp;<\/p>\n\n\n\n<figure class=\"wp-block-image size-large\"><img loading=\"lazy\" width=\"683\" height=\"1024\" src=\"http:\/\/5ghorses.com\/wp-content\/uploads\/2021\/02\/DSC_0042-002-683x1024.jpg\" alt=\"\" class=\"wp-image-17368\" srcset=\"https:\/\/5ghorses.com\/wp-content\/uploads\/2021\/02\/DSC_0042-002-683x1024.jpg 683w, https:\/\/5ghorses.com\/wp-content\/uploads\/2021\/02\/DSC_0042-002-200x300.jpg 200w, https:\/\/5ghorses.com\/wp-content\/uploads\/2021\/02\/DSC_0042-002-768x1152.jpg 768w, https:\/\/5ghorses.com\/wp-content\/uploads\/2021\/02\/DSC_0042-002-1024x1536.jpg 1024w, https:\/\/5ghorses.com\/wp-content\/uploads\/2021\/02\/DSC_0042-002-1365x2048.jpg 1365w, https:\/\/5ghorses.com\/wp-content\/uploads\/2021\/02\/DSC_0042-002-400x600.jpg 400w, https:\/\/5ghorses.com\/wp-content\/uploads\/2021\/02\/DSC_0042-002-600x900.jpg 600w, https:\/\/5ghorses.com\/wp-content\/uploads\/2021\/02\/DSC_0042-002-scaled.jpg 1707w\" sizes=\"(max-width: 683px) 100vw, 683px\" \/><\/figure>\n\n\n\n<p><a href=\"http:\/\/www.hevoslomitus.fi\" data-type=\"URL\" data-id=\"www.hevoslomitus.fi\" target=\"_blank\" rel=\"noreferrer noopener\">www.hevoslomitus.fi<\/a><\/p>\n\n\n\n<p><\/p>\n","protected":false},"excerpt":{"rendered":"<p>Natalie on vuonna 2001 syntynyt askellajiratsastaja Nurmij\u00e4rvelt\u00e4\/Vihdist\u00e4. Natalie on kilpaillut SM-tasolla 2018 vuodesta l\u00e4htien lainahevosilla. Kisaratsuina\u00a0toimivat Heidi fr\u00e1 Kaakkola ja H\u00f3lmar fra Dynum. Natalie ty\u00f6skentelee yritt\u00e4j\u00e4n\u00e4 ja lomittaa Etel\u00e4-Suomen alueella&hellip;<\/p>\n<div class=\"read-more\"><a href=\"https:\/\/5ghorses.com\/index.php\/natalie-slogs\/\" class=\"read-more-link\">See More<\/a><\/div>\n","protected":false},"author":1,"featured_media":0,"parent":0,"menu_order":0,"comment_status":"closed","ping_status":"closed","template":"","meta":{"sfsi_plus_gutenberg_text_before_share":"","sfsi_plus_gutenberg_show_text_before_share":"","sfsi_plus_gutenberg_icon_type":"","sfsi_plus_gutenberg_icon_alignemt":"","sfsi_plus_gutenburg_max_per_row":""},"_links":{"self":[{"href":"https:\/\/5ghorses.com\/index.php\/wp-json\/wp\/v2\/pages\/5335"}],"collection":[{"href":"https:\/\/5ghorses.com\/index.php\/wp-json\/wp\/v2\/pages"}],"about":[{"href":"https:\/\/5ghorses.com\/index.php\/wp-json\/wp\/v2\/types\/page"}],"author":[{"embeddable":true,"href":"https:\/\/5ghorses.com\/index.php\/wp-json\/wp\/v2\/users\/1"}],"replies":[{"embeddable":true,"href":"https:\/\/5ghorses.com\/index.php\/wp-json\/wp\/v2\/comments?post=5335"}],"version-history":[{"count":6,"href":"https:\/\/5ghorses.com\/index.php\/wp-json\/wp\/v2\/pages\/5335\/revisions"}],"predecessor-version":[{"id":43179,"href":"https:\/\/5ghorses.com\/index.php\/wp-json\/wp\/v2\/pages\/5335\/revisions\/43179"}],"wp:attachment":[{"href":"https:\/\/5ghorses.com\/index.php\/wp-json\/wp\/v2\/media?parent=5335"}],"curies":[{"name":"wp","href":"https:\/\/api.w.org\/{rel}","templated":true}]}}