{"id":43322,"date":"2023-01-16T14:28:32","date_gmt":"2023-01-16T14:28:32","guid":{"rendered":"http:\/\/5ghorses.com\/?page_id=43322"},"modified":"2023-01-16T14:28:33","modified_gmt":"2023-01-16T14:28:33","slug":"yhteistyo-5g-horses-ry","status":"publish","type":"page","link":"https:\/\/5ghorses.com\/index.php\/yhteistyo-5g-horses-ry\/","title":{"rendered":"Yhteisty\u00f6 5G Horses ry"},"content":{"rendered":"\n<figure class=\"wp-block-image size-large\"><img loading=\"lazy\" width=\"1024\" height=\"577\" src=\"http:\/\/5ghorses.com\/wp-content\/uploads\/2023\/01\/Nimeton-suunn.malli-1-1024x577.jpg\" alt=\"\" class=\"wp-image-43325\" srcset=\"https:\/\/5ghorses.com\/wp-content\/uploads\/2023\/01\/Nimeton-suunn.malli-1-1024x577.jpg 1024w, https:\/\/5ghorses.com\/wp-content\/uploads\/2023\/01\/Nimeton-suunn.malli-1-300x169.jpg 300w, https:\/\/5ghorses.com\/wp-content\/uploads\/2023\/01\/Nimeton-suunn.malli-1-768x433.jpg 768w, https:\/\/5ghorses.com\/wp-content\/uploads\/2023\/01\/Nimeton-suunn.malli-1-1536x865.jpg 1536w, https:\/\/5ghorses.com\/wp-content\/uploads\/2023\/01\/Nimeton-suunn.malli-1-400x225.jpg 400w, https:\/\/5ghorses.com\/wp-content\/uploads\/2023\/01\/Nimeton-suunn.malli-1-600x338.jpg 600w, https:\/\/5ghorses.com\/wp-content\/uploads\/2023\/01\/Nimeton-suunn.malli-1.jpg 1640w\" sizes=\"(max-width: 1024px) 100vw, 1024px\" \/><\/figure>\n\n\n\n<p class=\"has-large-font-size\"><strong>Tule mukaan 5G Helmikisan 2023 luokkaomistajaksi!<\/strong><\/p>\n\n\n\n<ul><li>Kisaohjelmaan yrityksesi nimi ja logo<\/li><li>Yritysesittely kuulutetaan kilpailujen aikana ennen luokkaa <\/li><li>Yritysesittely tapahtuman sosiaalisessa mediassa<\/li><li>n\u00e4kyvyys kisoissa haluamallasi tavalla (banderolli\/muu ulkomainos jne)<\/li><\/ul>\n\n\n\n<p><\/p>\n\n\n\n<p>50\u20ac per luokka + palkinnot (v\u00e4h. 50\u20ac:n arvosta) tai 100\u20ac per luokka<\/p>\n\n\n\n<p>Kussakin luokassa sijoittuneille hevosille jaetaan ruusukkeet ja ratsastajat saavat tuotepalkinnon tai lahjakortin<\/p>\n\n\n\n<figure class=\"wp-block-image size-large is-resized\"><img loading=\"lazy\" src=\"http:\/\/5ghorses.com\/wp-content\/uploads\/2023\/01\/Nimeton-suunn.malli-2-1024x577.jpg\" alt=\"\" class=\"wp-image-43327\" width=\"565\" height=\"318\" srcset=\"https:\/\/5ghorses.com\/wp-content\/uploads\/2023\/01\/Nimeton-suunn.malli-2-1024x577.jpg 1024w, https:\/\/5ghorses.com\/wp-content\/uploads\/2023\/01\/Nimeton-suunn.malli-2-300x169.jpg 300w, https:\/\/5ghorses.com\/wp-content\/uploads\/2023\/01\/Nimeton-suunn.malli-2-768x433.jpg 768w, https:\/\/5ghorses.com\/wp-content\/uploads\/2023\/01\/Nimeton-suunn.malli-2-1536x865.jpg 1536w, https:\/\/5ghorses.com\/wp-content\/uploads\/2023\/01\/Nimeton-suunn.malli-2-400x225.jpg 400w, https:\/\/5ghorses.com\/wp-content\/uploads\/2023\/01\/Nimeton-suunn.malli-2-600x338.jpg 600w, https:\/\/5ghorses.com\/wp-content\/uploads\/2023\/01\/Nimeton-suunn.malli-2.jpg 1640w\" sizes=\"(max-width: 565px) 100vw, 565px\" \/><\/figure>\n\n\n\n<p class=\"has-medium-font-size\"><strong>Voit olla mukana my\u00f6s lahjoittamalla arpajaispalkintoja<\/strong><br><br>Mit\u00e4 vain, kerro meille info@5ghorses.com<\/p>\n\n\n\n<p class=\"has-medium-font-size\">tai l\u00e4het\u00e4 lomake<\/p>\n\n\n<div class=\"wpforms-container wpforms-container-full\" id=\"wpforms-20756\"><form id=\"wpforms-form-20756\" class=\"wpforms-validate wpforms-form\" data-formid=\"20756\" method=\"post\" enctype=\"multipart\/form-data\" action=\"\/index.php\/wp-json\/wp\/v2\/pages\/43322\" data-token=\"ec5d958cc7c59c2afa3684c8d97f60b0\"><noscript class=\"wpforms-error-noscript\">Please enable JavaScript in your browser to complete this form.<\/noscript><div class=\"wpforms-field-container\"><div id=\"wpforms-20756-field_3-container\" class=\"wpforms-field wpforms-field-text\" data-field-id=\"3\"><label class=\"wpforms-field-label\" for=\"wpforms-20756-field_3\">Yritys <span class=\"wpforms-required-label\">*<\/span><\/label><input type=\"text\" id=\"wpforms-20756-field_3\" class=\"wpforms-field-medium wpforms-field-required\" name=\"wpforms[fields][3]\" required><\/div><div id=\"wpforms-20756-field_1-container\" class=\"wpforms-field wpforms-field-email\" data-field-id=\"1\"><label class=\"wpforms-field-label\" for=\"wpforms-20756-field_1\">Email <span class=\"wpforms-required-label\">*<\/span><\/label><input type=\"email\" id=\"wpforms-20756-field_1\" class=\"wpforms-field-medium wpforms-field-required\" name=\"wpforms[fields][1]\" required><\/div><div id=\"wpforms-20756-field_4-container\" class=\"wpforms-field wpforms-field-text\" data-field-id=\"4\"><label class=\"wpforms-field-label\" for=\"wpforms-20756-field_4\">Yhteyshenkil\u00f6 <span class=\"wpforms-required-label\">*<\/span><\/label><input type=\"text\" id=\"wpforms-20756-field_4\" class=\"wpforms-field-medium wpforms-field-required\" name=\"wpforms[fields][4]\" required><\/div><div id=\"wpforms-20756-field_6-container\" class=\"wpforms-field wpforms-field-number\" data-field-id=\"6\"><label class=\"wpforms-field-label\" for=\"wpforms-20756-field_6\">puhelinnumero<\/label><input type=\"number\" pattern=\"\\d*\" id=\"wpforms-20756-field_6\" class=\"wpforms-field-medium\" name=\"wpforms[fields][6]\" ><\/div><div id=\"wpforms-20756-field_9-container\" class=\"wpforms-field wpforms-field-text\" data-field-id=\"9\"><label class=\"wpforms-field-label\" for=\"wpforms-20756-field_9\">Laskutustiedot<\/label><input type=\"text\" id=\"wpforms-20756-field_9\" class=\"wpforms-field-medium\" name=\"wpforms[fields][9]\" ><\/div><div id=\"wpforms-20756-field_7-container\" class=\"wpforms-field wpforms-field-radio\" data-field-id=\"7\"><label class=\"wpforms-field-label\" for=\"wpforms-20756-field_7\">Yhteydenotto<\/label><ul id=\"wpforms-20756-field_7\"><li class=\"choice-1 depth-1\"><input type=\"radio\" id=\"wpforms-20756-field_7_1\" name=\"wpforms[fields][7]\" value=\"yhteydenotto mieluiten s\u00e4hk\u00f6postilla\"  ><label class=\"wpforms-field-label-inline\" for=\"wpforms-20756-field_7_1\">yhteydenotto mieluiten s\u00e4hk\u00f6postilla<\/label><\/li><li class=\"choice-2 depth-1\"><input type=\"radio\" id=\"wpforms-20756-field_7_2\" name=\"wpforms[fields][7]\" value=\"yhteydenotto mieluiten puhelimitse\"  ><label class=\"wpforms-field-label-inline\" for=\"wpforms-20756-field_7_2\">yhteydenotto mieluiten puhelimitse<\/label><\/li><\/ul><\/div><div id=\"wpforms-20756-field_8-container\" class=\"wpforms-field wpforms-field-radio\" data-field-id=\"8\"><label class=\"wpforms-field-label\" for=\"wpforms-20756-field_8\">Yhteisty\u00f6n muoto <span class=\"wpforms-required-label\">*<\/span><\/label><ul id=\"wpforms-20756-field_8\" class=\"wpforms-field-required\"><li class=\"choice-5 depth-1\"><input type=\"radio\" id=\"wpforms-20756-field_8_5\" name=\"wpforms[fields][8]\" value=\"kilpailuluokan omistaminen\" required ><label class=\"wpforms-field-label-inline\" for=\"wpforms-20756-field_8_5\">kilpailuluokan omistaminen<\/label><\/li><li class=\"choice-6 depth-1\"><input type=\"radio\" id=\"wpforms-20756-field_8_6\" name=\"wpforms[fields][8]\" value=\"arpajaispalkintoja\" required ><label class=\"wpforms-field-label-inline\" for=\"wpforms-20756-field_8_6\">arpajaispalkintoja<\/label><\/li><li class=\"choice-1 depth-1\"><input type=\"radio\" id=\"wpforms-20756-field_8_1\" name=\"wpforms[fields][8]\" value=\"mainos\/tunnettuus yhteisty\u00f6\" required ><label class=\"wpforms-field-label-inline\" for=\"wpforms-20756-field_8_1\">mainos\/tunnettuus yhteisty\u00f6<\/label><\/li><li class=\"choice-2 depth-1\"><input type=\"radio\" id=\"wpforms-20756-field_8_2\" name=\"wpforms[fields][8]\" value=\"tuki ilman n\u00e4kyvyytt\u00e4\" required ><label class=\"wpforms-field-label-inline\" for=\"wpforms-20756-field_8_2\">tuki ilman n\u00e4kyvyytt\u00e4<\/label><\/li><li class=\"choice-4 depth-1\"><input type=\"radio\" id=\"wpforms-20756-field_8_4\" name=\"wpforms[fields][8]\" value=\"p\u00e4\u00e4t\u00e4mme my\u00f6hemmin\" required ><label class=\"wpforms-field-label-inline\" for=\"wpforms-20756-field_8_4\">p\u00e4\u00e4t\u00e4mme my\u00f6hemmin<\/label><\/li><\/ul><\/div><div id=\"wpforms-20756-field_2-container\" class=\"wpforms-field wpforms-field-textarea\" data-field-id=\"2\"><label class=\"wpforms-field-label\" for=\"wpforms-20756-field_2\">muuta<\/label><textarea id=\"wpforms-20756-field_2\" class=\"wpforms-field-medium\" name=\"wpforms[fields][2]\" ><\/textarea><\/div><\/div><div class=\"wpforms-submit-container\"><input type=\"hidden\" name=\"wpforms[id]\" value=\"20756\"><input type=\"hidden\" name=\"wpforms[author]\" value=\"1\"><button type=\"submit\" name=\"wpforms[submit]\" id=\"wpforms-submit-20756\" class=\"wpforms-submit\" data-alt-text=\"L\u00e4hett\u00e4\u00e4..\" data-submit-text=\"L\u00e4het\u00e4 \" aria-live=\"assertive\" value=\"wpforms-submit\">L\u00e4het\u00e4 <\/button><\/div><\/form><\/div>  <!-- .wpforms-container -->","protected":false},"excerpt":{"rendered":"<p>Tule mukaan 5G Helmikisan 2023 luokkaomistajaksi! Kisaohjelmaan yrityksesi nimi ja logo Yritysesittely kuulutetaan kilpailujen aikana ennen luokkaa Yritysesittely tapahtuman sosiaalisessa mediassa n\u00e4kyvyys kisoissa haluamallasi tavalla (banderolli\/muu ulkomainos jne) 50\u20ac per&hellip;<\/p>\n<div class=\"read-more\"><a href=\"https:\/\/5ghorses.com\/index.php\/yhteistyo-5g-horses-ry\/\" class=\"read-more-link\">See More<\/a><\/div>\n","protected":false},"author":1,"featured_media":0,"parent":0,"menu_order":0,"comment_status":"closed","ping_status":"closed","template":"","meta":{"sfsi_plus_gutenberg_text_before_share":"","sfsi_plus_gutenberg_show_text_before_share":"","sfsi_plus_gutenberg_icon_type":"","sfsi_plus_gutenberg_icon_alignemt":"","sfsi_plus_gutenburg_max_per_row":""},"_links":{"self":[{"href":"https:\/\/5ghorses.com\/index.php\/wp-json\/wp\/v2\/pages\/43322"}],"collection":[{"href":"https:\/\/5ghorses.com\/index.php\/wp-json\/wp\/v2\/pages"}],"about":[{"href":"https:\/\/5ghorses.com\/index.php\/wp-json\/wp\/v2\/types\/page"}],"author":[{"embeddable":true,"href":"https:\/\/5ghorses.com\/index.php\/wp-json\/wp\/v2\/users\/1"}],"replies":[{"embeddable":true,"href":"https:\/\/5ghorses.com\/index.php\/wp-json\/wp\/v2\/comments?post=43322"}],"version-history":[{"count":8,"href":"https:\/\/5ghorses.com\/index.php\/wp-json\/wp\/v2\/pages\/43322\/revisions"}],"predecessor-version":[{"id":43333,"href":"https:\/\/5ghorses.com\/index.php\/wp-json\/wp\/v2\/pages\/43322\/revisions\/43333"}],"wp:attachment":[{"href":"https:\/\/5ghorses.com\/index.php\/wp-json\/wp\/v2\/media?parent=43322"}],"curies":[{"name":"wp","href":"https:\/\/api.w.org\/{rel}","templated":true}]}}