{"id":4080,"date":"2020-01-04T19:20:06","date_gmt":"2020-01-04T19:20:06","guid":{"rendered":"http:\/\/5ghorses.com\/?page_id=4080"},"modified":"2022-12-01T16:07:31","modified_gmt":"2022-12-01T16:07:31","slug":"saara-suutarla","status":"publish","type":"page","link":"https:\/\/5ghorses.com\/index.php\/saara-suutarla\/","title":{"rendered":"Saara Suutarla"},"content":{"rendered":"\n<figure class=\"wp-block-image size-large\"><img loading=\"lazy\" width=\"683\" height=\"1024\" src=\"http:\/\/5ghorses.com\/wp-content\/uploads\/2022\/12\/kaakkolantila-37-1-683x1024.jpg\" alt=\"\" class=\"wp-image-43208\" srcset=\"https:\/\/5ghorses.com\/wp-content\/uploads\/2022\/12\/kaakkolantila-37-1-683x1024.jpg 683w, https:\/\/5ghorses.com\/wp-content\/uploads\/2022\/12\/kaakkolantila-37-1-200x300.jpg 200w, https:\/\/5ghorses.com\/wp-content\/uploads\/2022\/12\/kaakkolantila-37-1-768x1152.jpg 768w, https:\/\/5ghorses.com\/wp-content\/uploads\/2022\/12\/kaakkolantila-37-1-1024x1536.jpg 1024w, https:\/\/5ghorses.com\/wp-content\/uploads\/2022\/12\/kaakkolantila-37-1-1365x2048.jpg 1365w, https:\/\/5ghorses.com\/wp-content\/uploads\/2022\/12\/kaakkolantila-37-1-400x600.jpg 400w, https:\/\/5ghorses.com\/wp-content\/uploads\/2022\/12\/kaakkolantila-37-1-600x900.jpg 600w, https:\/\/5ghorses.com\/wp-content\/uploads\/2022\/12\/kaakkolantila-37-1-scaled.jpg 1707w\" sizes=\"(max-width: 683px) 100vw, 683px\" \/><figcaption>Kuva: <br>Moona M\u00e4ntyvaara<\/figcaption><\/figure>\n\n\n\n<p>Saara on reilu nelikymppinen h\u00e4meenlinnalainen. Ensimm\u00e4inen<br> islanninhevonen tuli perheeseen vuonna 1990, ja vuosituhannen vaihteesta alkaen Saara onkin toiminut lajin parissa niin kilpailijana,<br> kasvattajana, harrastajana, ratsuttajana, yritt\u00e4j\u00e4n\u00e4 kuin<br> yhdistysaktiivinakin. H\u00e4nen omat tytt\u00e4rens\u00e4 kilpailevat aktiivisesti, ja<br> perheen hevoset asuvat Kaakkolan tilalla Lopella.<br><br>Saara hoitaa tiimiss\u00e4 rahastonhoitajan virkaa.<\/p>\n","protected":false},"excerpt":{"rendered":"<p>Saara on reilu nelikymppinen h\u00e4meenlinnalainen. Ensimm\u00e4inen islanninhevonen tuli perheeseen vuonna 1990, ja vuosituhannen vaihteesta alkaen Saara onkin toiminut lajin parissa niin kilpailijana, kasvattajana, harrastajana, ratsuttajana, yritt\u00e4j\u00e4n\u00e4 kuin yhdistysaktiivinakin. H\u00e4nen omat&hellip;<\/p>\n<div class=\"read-more\"><a href=\"https:\/\/5ghorses.com\/index.php\/saara-suutarla\/\" class=\"read-more-link\">See More<\/a><\/div>\n","protected":false},"author":1,"featured_media":0,"parent":0,"menu_order":0,"comment_status":"closed","ping_status":"closed","template":"","meta":{"sfsi_plus_gutenberg_text_before_share":"","sfsi_plus_gutenberg_show_text_before_share":"","sfsi_plus_gutenberg_icon_type":"","sfsi_plus_gutenberg_icon_alignemt":"","sfsi_plus_gutenburg_max_per_row":""},"_links":{"self":[{"href":"https:\/\/5ghorses.com\/index.php\/wp-json\/wp\/v2\/pages\/4080"}],"collection":[{"href":"https:\/\/5ghorses.com\/index.php\/wp-json\/wp\/v2\/pages"}],"about":[{"href":"https:\/\/5ghorses.com\/index.php\/wp-json\/wp\/v2\/types\/page"}],"author":[{"embeddable":true,"href":"https:\/\/5ghorses.com\/index.php\/wp-json\/wp\/v2\/users\/1"}],"replies":[{"embeddable":true,"href":"https:\/\/5ghorses.com\/index.php\/wp-json\/wp\/v2\/comments?post=4080"}],"version-history":[{"count":5,"href":"https:\/\/5ghorses.com\/index.php\/wp-json\/wp\/v2\/pages\/4080\/revisions"}],"predecessor-version":[{"id":43210,"href":"https:\/\/5ghorses.com\/index.php\/wp-json\/wp\/v2\/pages\/4080\/revisions\/43210"}],"wp:attachment":[{"href":"https:\/\/5ghorses.com\/index.php\/wp-json\/wp\/v2\/media?parent=4080"}],"curies":[{"name":"wp","href":"https:\/\/api.w.org\/{rel}","templated":true}]}}