{"id":3846,"date":"2019-12-29T15:20:29","date_gmt":"2019-12-29T15:20:29","guid":{"rendered":"http:\/\/5ghorses.com\/?page_id=3846"},"modified":"2023-02-02T14:19:00","modified_gmt":"2023-02-02T14:19:00","slug":"gerda-eerika-viinanen","status":"publish","type":"page","link":"https:\/\/5ghorses.com\/index.php\/gerda-eerika-viinanen\/","title":{"rendered":"Gerda-Eerika Viinanen"},"content":{"rendered":"\n<figure class=\"wp-block-image size-full\"><img loading=\"lazy\" width=\"810\" height=\"1012\" src=\"http:\/\/5ghorses.com\/wp-content\/uploads\/2023\/02\/299857299_1792663947744098_7995227219720290876_n.jpg\" alt=\"\" class=\"wp-image-43349\" srcset=\"https:\/\/5ghorses.com\/wp-content\/uploads\/2023\/02\/299857299_1792663947744098_7995227219720290876_n.jpg 810w, https:\/\/5ghorses.com\/wp-content\/uploads\/2023\/02\/299857299_1792663947744098_7995227219720290876_n-240x300.jpg 240w, https:\/\/5ghorses.com\/wp-content\/uploads\/2023\/02\/299857299_1792663947744098_7995227219720290876_n-768x960.jpg 768w, https:\/\/5ghorses.com\/wp-content\/uploads\/2023\/02\/299857299_1792663947744098_7995227219720290876_n-400x500.jpg 400w, https:\/\/5ghorses.com\/wp-content\/uploads\/2023\/02\/299857299_1792663947744098_7995227219720290876_n-600x750.jpg 600w\" sizes=\"(max-width: 810px) 100vw, 810px\" \/><\/figure>\n\n\n\n<p>Gerda-Eerika \u201dKerttu\u201d Viinanen on vuonna 2003 syntynyt askellajiratsastaja, joka on kilpaillut aktiivisesti SM-tasolla vuodesta 2015 l\u00e4htien sek\u00e4 omilla ett\u00e4 lainahevosilla. <br><br>Kilpailuk\u00e4yt\u00f6ss\u00e4 Kertulla on h\u00e4nen sek\u00e4 Anita ja Pekka Kaakkolan omistama 2004 Islannissa syntynyt tamma Svala fr\u00e1 Minni-Borg, jonka kanssa Kerttu on kilpaillut vuodesta 2016 voittaen lukuisia mitaleita sek\u00e4 sijoittunut kansainv\u00e4lisestikin. Viimeisin saavutus 2022 PM-kilpailuissa kaksi kultaa!!<\/p>\n\n\n\n<figure class=\"wp-block-image size-large\"><img loading=\"lazy\" width=\"819\" height=\"1024\" src=\"http:\/\/5ghorses.com\/wp-content\/uploads\/2023\/02\/299706243_1792663944410765_5665375437400832141_n-819x1024.jpg\" alt=\"\" class=\"wp-image-43348\" srcset=\"https:\/\/5ghorses.com\/wp-content\/uploads\/2023\/02\/299706243_1792663944410765_5665375437400832141_n-819x1024.jpg 819w, https:\/\/5ghorses.com\/wp-content\/uploads\/2023\/02\/299706243_1792663944410765_5665375437400832141_n-240x300.jpg 240w, https:\/\/5ghorses.com\/wp-content\/uploads\/2023\/02\/299706243_1792663944410765_5665375437400832141_n-768x960.jpg 768w, https:\/\/5ghorses.com\/wp-content\/uploads\/2023\/02\/299706243_1792663944410765_5665375437400832141_n-400x500.jpg 400w, https:\/\/5ghorses.com\/wp-content\/uploads\/2023\/02\/299706243_1792663944410765_5665375437400832141_n-600x750.jpg 600w, https:\/\/5ghorses.com\/wp-content\/uploads\/2023\/02\/299706243_1792663944410765_5665375437400832141_n.jpg 1080w\" sizes=\"(max-width: 819px) 100vw, 819px\" \/><\/figure>\n\n\n\n<p>T\u00e4ll\u00e4 hetkell\u00e4 Kerttu opiskelee aikuislukiossa ja ty\u00f6skentelee Lopella Veera Sir\u00e9nin ja Arn\u00f3r Dan Kristinssonin talli Hirshagassa. My\u00f6s Svala asuu ja treenaa siell\u00e4.<\/p>\n\n\n\n<p>IG: @gerdaeerikaviinanen<br><a href=\"https:\/\/www.instagram.com\/gerdaeerikaviinanen\/\" target=\"_blank\" rel=\"noreferrer noopener\">https:\/\/www.instagram.com\/gerdaeerikaviinanen\/<\/a><\/p>\n","protected":false},"excerpt":{"rendered":"<p>Gerda-Eerika \u201dKerttu\u201d Viinanen on vuonna 2003 syntynyt askellajiratsastaja, joka on kilpaillut aktiivisesti SM-tasolla vuodesta 2015 l\u00e4htien sek\u00e4 omilla ett\u00e4 lainahevosilla. Kilpailuk\u00e4yt\u00f6ss\u00e4 Kertulla on h\u00e4nen sek\u00e4 Anita ja Pekka Kaakkolan omistama&hellip;<\/p>\n<div class=\"read-more\"><a href=\"https:\/\/5ghorses.com\/index.php\/gerda-eerika-viinanen\/\" class=\"read-more-link\">See More<\/a><\/div>\n","protected":false},"author":1,"featured_media":0,"parent":0,"menu_order":0,"comment_status":"closed","ping_status":"closed","template":"","meta":{"sfsi_plus_gutenberg_text_before_share":"","sfsi_plus_gutenberg_show_text_before_share":"","sfsi_plus_gutenberg_icon_type":"","sfsi_plus_gutenberg_icon_alignemt":"","sfsi_plus_gutenburg_max_per_row":""},"_links":{"self":[{"href":"https:\/\/5ghorses.com\/index.php\/wp-json\/wp\/v2\/pages\/3846"}],"collection":[{"href":"https:\/\/5ghorses.com\/index.php\/wp-json\/wp\/v2\/pages"}],"about":[{"href":"https:\/\/5ghorses.com\/index.php\/wp-json\/wp\/v2\/types\/page"}],"author":[{"embeddable":true,"href":"https:\/\/5ghorses.com\/index.php\/wp-json\/wp\/v2\/users\/1"}],"replies":[{"embeddable":true,"href":"https:\/\/5ghorses.com\/index.php\/wp-json\/wp\/v2\/comments?post=3846"}],"version-history":[{"count":8,"href":"https:\/\/5ghorses.com\/index.php\/wp-json\/wp\/v2\/pages\/3846\/revisions"}],"predecessor-version":[{"id":43350,"href":"https:\/\/5ghorses.com\/index.php\/wp-json\/wp\/v2\/pages\/3846\/revisions\/43350"}],"wp:attachment":[{"href":"https:\/\/5ghorses.com\/index.php\/wp-json\/wp\/v2\/media?parent=3846"}],"curies":[{"name":"wp","href":"https:\/\/api.w.org\/{rel}","templated":true}]}}