{"id":3784,"date":"2019-12-28T12:31:26","date_gmt":"2019-12-28T12:31:26","guid":{"rendered":"http:\/\/5ghorses.com\/?page_id=3784"},"modified":"2023-02-03T15:07:49","modified_gmt":"2023-02-03T15:07:49","slug":"laura-nystrom","status":"publish","type":"page","link":"https:\/\/5ghorses.com\/index.php\/laura-nystrom\/","title":{"rendered":"Laura Nystr\u00f6m"},"content":{"rendered":"\n<p> <\/p>\n\n\n\n<p>Laura on Kaakkolan tilan hevosten luottoratsastaja. Yhteisty\u00f6 alkoi kasvattajatilan ja h\u00e4nen v\u00e4lill\u00e4\u00e4n jo vuonna 2013. Laura on kehittynyt ja ratsastanut sek\u00e4 kilpaillut useilla Kaakkolan hevosilla vuosien mittaan. Yhteisty\u00f6 jatkuu tiiviin\u00e4 edelleen.<\/p>\n\n\n\n<p>T\u00e4ll\u00e4 hetkell\u00e4 Laura kilpailee kahdella hevosella. <br>H\u00e9la fr\u00e1 Kaakkola on 2012 syntynyt kimo tamma, jonka Laura kantakirjasi 2019 kev\u00e4\u00e4n\u00e4 II-palkinnolla ja sen j\u00e4lkeen ratsukko on voittanut 2xSM kultaa, 2xSM hopeaa sek\u00e4 SM pronssia. <\/p>\n\n\n\n<p>Lauran toisena kilpahevosena toimii vuonna 2013 syntynyt kulomusta tamma Gilda fra Stenkullag\u00e5rd. Ratsukko on voittanut 2xSM kultaa ja 2xSM hopeaa. <\/p>\n\n\n\n<p>Lis\u00e4ksi Laura edusti molemmilla tammoilla Suomea PM kilpailuissa elokuussa 2022. <\/p>\n\n\n\n<figure class=\"wp-block-gallery columns-1 is-cropped\"><ul class=\"blocks-gallery-grid\"><li class=\"blocks-gallery-item\"><figure><img loading=\"lazy\" width=\"1024\" height=\"683\" src=\"http:\/\/5ghorses.com\/wp-content\/uploads\/2023\/02\/297901468_1395784337499176_8108308944856948150_n-1-1024x683.jpg\" alt=\"\" data-id=\"43361\" data-link=\"http:\/\/5ghorses.com\/index.php\/laura-nystrom\/297901468_1395784337499176_8108308944856948150_n-1\/\" class=\"wp-image-43361\" srcset=\"https:\/\/5ghorses.com\/wp-content\/uploads\/2023\/02\/297901468_1395784337499176_8108308944856948150_n-1-1024x683.jpg 1024w, https:\/\/5ghorses.com\/wp-content\/uploads\/2023\/02\/297901468_1395784337499176_8108308944856948150_n-1-300x200.jpg 300w, https:\/\/5ghorses.com\/wp-content\/uploads\/2023\/02\/297901468_1395784337499176_8108308944856948150_n-1-768x512.jpg 768w, https:\/\/5ghorses.com\/wp-content\/uploads\/2023\/02\/297901468_1395784337499176_8108308944856948150_n-1-1536x1024.jpg 1536w, https:\/\/5ghorses.com\/wp-content\/uploads\/2023\/02\/297901468_1395784337499176_8108308944856948150_n-1-400x267.jpg 400w, https:\/\/5ghorses.com\/wp-content\/uploads\/2023\/02\/297901468_1395784337499176_8108308944856948150_n-1-600x400.jpg 600w, https:\/\/5ghorses.com\/wp-content\/uploads\/2023\/02\/297901468_1395784337499176_8108308944856948150_n-1.jpg 2048w\" sizes=\"(max-width: 1024px) 100vw, 1024px\" \/><figcaption class=\"blocks-gallery-item__caption\">Kuva: Stein Larsen<\/figcaption><\/figure><\/li><\/ul><\/figure>\n\n\n\n<p>Lauralla on oma talli Vihdin Ojakkalassa ja tallinpidon sek\u00e4 hevosten treenaamisen ohella Laura ty\u00f6skentelee el\u00e4inl\u00e4\u00e4k\u00e4rin avustajana Talliklinikalla. <br>Kilpailemisen ohella Laura kasvattaa pienimuotoisesti islanninhevosia -fra Sj\u00f6kulla kasvattajanimell\u00e4. Tiimiss\u00e4 h\u00e4n toimii linkkin\u00e4 tekij\u00e4porukan ja ratsastajien v\u00e4lill\u00e4 sek\u00e4 esimerkkin\u00e4 nuoremmille ratsastajille, miten pitk\u00e4j\u00e4nteisell\u00e4 ty\u00f6ll\u00e4 voi saavuttaa tavoitteitaan.<\/p>\n\n\n\n<figure class=\"wp-block-image size-large\"><img loading=\"lazy\" width=\"767\" height=\"1024\" src=\"http:\/\/5ghorses.com\/wp-content\/uploads\/2023\/02\/1675420177719-002-1-767x1024.jpg\" alt=\"\" class=\"wp-image-43367\" srcset=\"https:\/\/5ghorses.com\/wp-content\/uploads\/2023\/02\/1675420177719-002-1-767x1024.jpg 767w, https:\/\/5ghorses.com\/wp-content\/uploads\/2023\/02\/1675420177719-002-1-225x300.jpg 225w, https:\/\/5ghorses.com\/wp-content\/uploads\/2023\/02\/1675420177719-002-1-768x1025.jpg 768w, https:\/\/5ghorses.com\/wp-content\/uploads\/2023\/02\/1675420177719-002-1-1151x1536.jpg 1151w, https:\/\/5ghorses.com\/wp-content\/uploads\/2023\/02\/1675420177719-002-1-1534x2048.jpg 1534w, https:\/\/5ghorses.com\/wp-content\/uploads\/2023\/02\/1675420177719-002-1-400x534.jpg 400w, https:\/\/5ghorses.com\/wp-content\/uploads\/2023\/02\/1675420177719-002-1-600x801.jpg 600w, https:\/\/5ghorses.com\/wp-content\/uploads\/2023\/02\/1675420177719-002-1-scaled.jpg 1918w\" sizes=\"(max-width: 767px) 100vw, 767px\" \/><figcaption>Kuva : Iita-Maria Ahtiainen<\/figcaption><\/figure>\n","protected":false},"excerpt":{"rendered":"<p>Laura on Kaakkolan tilan hevosten luottoratsastaja. Yhteisty\u00f6 alkoi kasvattajatilan ja h\u00e4nen v\u00e4lill\u00e4\u00e4n jo vuonna 2013. Laura on kehittynyt ja ratsastanut sek\u00e4 kilpaillut useilla Kaakkolan hevosilla vuosien mittaan. Yhteisty\u00f6 jatkuu tiiviin\u00e4&hellip;<\/p>\n<div class=\"read-more\"><a href=\"https:\/\/5ghorses.com\/index.php\/laura-nystrom\/\" class=\"read-more-link\">See More<\/a><\/div>\n","protected":false},"author":1,"featured_media":0,"parent":0,"menu_order":0,"comment_status":"closed","ping_status":"closed","template":"","meta":{"sfsi_plus_gutenberg_text_before_share":"","sfsi_plus_gutenberg_show_text_before_share":"","sfsi_plus_gutenberg_icon_type":"","sfsi_plus_gutenberg_icon_alignemt":"","sfsi_plus_gutenburg_max_per_row":""},"_links":{"self":[{"href":"https:\/\/5ghorses.com\/index.php\/wp-json\/wp\/v2\/pages\/3784"}],"collection":[{"href":"https:\/\/5ghorses.com\/index.php\/wp-json\/wp\/v2\/pages"}],"about":[{"href":"https:\/\/5ghorses.com\/index.php\/wp-json\/wp\/v2\/types\/page"}],"author":[{"embeddable":true,"href":"https:\/\/5ghorses.com\/index.php\/wp-json\/wp\/v2\/users\/1"}],"replies":[{"embeddable":true,"href":"https:\/\/5ghorses.com\/index.php\/wp-json\/wp\/v2\/comments?post=3784"}],"version-history":[{"count":15,"href":"https:\/\/5ghorses.com\/index.php\/wp-json\/wp\/v2\/pages\/3784\/revisions"}],"predecessor-version":[{"id":43376,"href":"https:\/\/5ghorses.com\/index.php\/wp-json\/wp\/v2\/pages\/3784\/revisions\/43376"}],"wp:attachment":[{"href":"https:\/\/5ghorses.com\/index.php\/wp-json\/wp\/v2\/media?parent=3784"}],"curies":[{"name":"wp","href":"https:\/\/api.w.org\/{rel}","templated":true}]}}