{"id":3454,"date":"2020-01-12T13:26:41","date_gmt":"2020-01-12T13:26:41","guid":{"rendered":"http:\/\/5ghorses.com\/?page_id=3454"},"modified":"2020-08-13T05:06:59","modified_gmt":"2020-08-13T05:06:59","slug":"kasvattajat-2","status":"publish","type":"page","link":"https:\/\/5ghorses.com\/index.php\/kasvattajat-2\/","title":{"rendered":"Kasvattajat"},"content":{"rendered":"\n<p>Ajatus on ett\u00e4 suomalaiset kasvattajat antavat lahjakkaille nuorille ratsastettavaksi hyvi\u00e4 hevosia, nuoria tai kokeneempia, sen mukaan millainen hevonen kulloinkin vie parhaiten ratsastajan osaamista eteenp\u00e4in.<br>Tarkoituksena ett\u00e4 tiimin ratsastaja sitoutuu viem\u00e4\u00e4n hevosta eteenp\u00e4in kilpailu-uraa silm\u00e4ll\u00e4 pit\u00e4en ja osallistuen hevosen kanssa kilpailuihin hevosen kehitysasteen mukaan.<\/p>\n\n\n\n<p>Ratsastajan ja kasvattajan v\u00e4lille tehd\u00e4\u00e4n sopimus hevosen k\u00e4yt\u00f6st\u00e4 ja sovitaan ajasta, jonka ratsu on ratsastalla. 3kk koeajan aikana selvi\u00e4\u00e4 toimiiko valittu pari yhteen.<br><br>Kasvattajat saavat n\u00e4in hevostensa koulutusta eteenp\u00e4in samalla kun nuoret ratsastajat saavat tarvitsemaansa kokemusta erilaisten hevosten treenaamisesta. <br>Ratsastajan ei oleteta olevan ammattitreenari tai -kilpailija, mutta koska tiimil\u00e4iset pyrkiv\u00e4t sellaisiksi kasvamaan tai v\u00e4hint\u00e4\u00e4n muutoin korkealle kilparatsastuksessa, toivomme n\u00e4in edist\u00e4v\u00e4mme molempien osapuolten asiaa tiimiss\u00e4.<\/p>\n\n\n\n<p>Tiimin ratsastajille tarjotaan suomalaisten kasvattamia hevosia k\u00e4yt\u00f6\u00f6n. Tiimiin voi hakea kasvattaja, joilla on korkeat tavoitteet jalostuksessa, kilpailuissa ja halu toimia tiimin periaatteiden mukaisesti. Kasvattajat toimivat ilman rahallista vastiketta, tiimin varat k\u00e4ytet\u00e4\u00e4n kokonaisuudessaan ratsukoiden hyv\u00e4ksi.<\/p>\n","protected":false},"excerpt":{"rendered":"<p>Ajatus on ett\u00e4 suomalaiset kasvattajat antavat lahjakkaille nuorille ratsastettavaksi hyvi\u00e4 hevosia, nuoria tai kokeneempia, sen mukaan millainen hevonen kulloinkin vie parhaiten ratsastajan osaamista eteenp\u00e4in.Tarkoituksena ett\u00e4 tiimin ratsastaja sitoutuu viem\u00e4\u00e4n hevosta&hellip;<\/p>\n<div class=\"read-more\"><a href=\"https:\/\/5ghorses.com\/index.php\/kasvattajat-2\/\" class=\"read-more-link\">See More<\/a><\/div>\n","protected":false},"author":1,"featured_media":11009,"parent":0,"menu_order":0,"comment_status":"closed","ping_status":"closed","template":"","meta":{"sfsi_plus_gutenberg_text_before_share":"","sfsi_plus_gutenberg_show_text_before_share":"","sfsi_plus_gutenberg_icon_type":"","sfsi_plus_gutenberg_icon_alignemt":"","sfsi_plus_gutenburg_max_per_row":""},"_links":{"self":[{"href":"https:\/\/5ghorses.com\/index.php\/wp-json\/wp\/v2\/pages\/3454"}],"collection":[{"href":"https:\/\/5ghorses.com\/index.php\/wp-json\/wp\/v2\/pages"}],"about":[{"href":"https:\/\/5ghorses.com\/index.php\/wp-json\/wp\/v2\/types\/page"}],"author":[{"embeddable":true,"href":"https:\/\/5ghorses.com\/index.php\/wp-json\/wp\/v2\/users\/1"}],"replies":[{"embeddable":true,"href":"https:\/\/5ghorses.com\/index.php\/wp-json\/wp\/v2\/comments?post=3454"}],"version-history":[{"count":6,"href":"https:\/\/5ghorses.com\/index.php\/wp-json\/wp\/v2\/pages\/3454\/revisions"}],"predecessor-version":[{"id":11008,"href":"https:\/\/5ghorses.com\/index.php\/wp-json\/wp\/v2\/pages\/3454\/revisions\/11008"}],"wp:featuredmedia":[{"embeddable":true,"href":"https:\/\/5ghorses.com\/index.php\/wp-json\/wp\/v2\/media\/11009"}],"wp:attachment":[{"href":"https:\/\/5ghorses.com\/index.php\/wp-json\/wp\/v2\/media?parent=3454"}],"curies":[{"name":"wp","href":"https:\/\/api.w.org\/{rel}","templated":true}]}}