{"id":20579,"date":"2021-05-07T14:30:14","date_gmt":"2021-05-07T14:30:14","guid":{"rendered":"http:\/\/5ghorses.com\/?page_id=20579"},"modified":"2021-05-07T14:30:14","modified_gmt":"2021-05-07T14:30:14","slug":"kannatusjasen","status":"publish","type":"page","link":"https:\/\/5ghorses.com\/index.php\/kannatusjasen\/","title":{"rendered":"Kannatusj\u00e4sen"},"content":{"rendered":"<div class=\"wpforms-container wpforms-container-full\" id=\"wpforms-20581\"><form id=\"wpforms-form-20581\" class=\"wpforms-validate wpforms-form\" data-formid=\"20581\" method=\"post\" enctype=\"multipart\/form-data\" action=\"\/index.php\/wp-json\/wp\/v2\/pages\/20579\" data-token=\"d6a1f3828a4d3db4c6836a28c65a2f81\"><noscript class=\"wpforms-error-noscript\">Please enable JavaScript in your browser to complete this form.<\/noscript><div class=\"wpforms-field-container\"><div id=\"wpforms-20581-field_0-container\" class=\"wpforms-field wpforms-field-name\" data-field-id=\"0\"><label class=\"wpforms-field-label\" for=\"wpforms-20581-field_0\">Etu- ja sukunimi <span class=\"wpforms-required-label\">*<\/span><\/label><div class=\"wpforms-field-row wpforms-field-medium\"><div class=\"wpforms-field-row-block wpforms-first wpforms-one-half\"><input type=\"text\" id=\"wpforms-20581-field_0\" class=\"wpforms-field-name-first wpforms-field-required\" name=\"wpforms[fields][0][first]\" required><label for=\"wpforms-20581-field_0\" class=\"wpforms-field-sublabel after \">First<\/label><\/div><div class=\"wpforms-field-row-block wpforms-one-half\"><input type=\"text\" id=\"wpforms-20581-field_0-last\" class=\"wpforms-field-name-last wpforms-field-required\" name=\"wpforms[fields][0][last]\" required><label for=\"wpforms-20581-field_0-last\" class=\"wpforms-field-sublabel after \">Last<\/label><\/div><\/div><\/div><div id=\"wpforms-20581-field_6-container\" class=\"wpforms-field wpforms-field-text\" data-field-id=\"6\"><label class=\"wpforms-field-label\" for=\"wpforms-20581-field_6\">Osoite (paikkakunta riitt\u00e4\u00e4) <span class=\"wpforms-required-label\">*<\/span><\/label><input type=\"text\" id=\"wpforms-20581-field_6\" class=\"wpforms-field-medium wpforms-field-required\" name=\"wpforms[fields][6]\" required><\/div><div id=\"wpforms-20581-field_7-container\" class=\"wpforms-field wpforms-field-text\" data-field-id=\"7\"><label class=\"wpforms-field-label\" for=\"wpforms-20581-field_7\">syntym\u00e4vuosi <span class=\"wpforms-required-label\">*<\/span><\/label><input type=\"text\" id=\"wpforms-20581-field_7\" class=\"wpforms-field-medium wpforms-field-required\" name=\"wpforms[fields][7]\" required><\/div><div id=\"wpforms-20581-field_1-container\" class=\"wpforms-field wpforms-field-email\" data-field-id=\"1\"><label class=\"wpforms-field-label\" for=\"wpforms-20581-field_1\">s\u00e4hk\u00f6posti <span class=\"wpforms-required-label\">*<\/span><\/label><input type=\"email\" id=\"wpforms-20581-field_1\" class=\"wpforms-field-medium wpforms-field-required\" name=\"wpforms[fields][1]\" required><div class=\"wpforms-field-description\">Please enter your email, so we can follow up with you.<\/div><\/div><div id=\"wpforms-20581-field_8-container\" class=\"wpforms-field wpforms-field-checkbox\" data-field-id=\"8\"><label class=\"wpforms-field-label\" for=\"wpforms-20581-field_8\">Valinnat<\/label><ul id=\"wpforms-20581-field_8\"><li class=\"choice-2 depth-1\"><input type=\"checkbox\" id=\"wpforms-20581-field_8_2\" name=\"wpforms[fields][8][]\" value=\"Minulle saa l\u00e4hett\u00e4\u00e4 s\u00e4hk\u00f6postia tiimin kuulumisista\"  ><label class=\"wpforms-field-label-inline\" for=\"wpforms-20581-field_8_2\">Minulle saa l\u00e4hett\u00e4\u00e4 s\u00e4hk\u00f6postia tiimin kuulumisista<\/label><\/li><li class=\"choice-1 depth-1\"><input type=\"checkbox\" id=\"wpforms-20581-field_8_1\" name=\"wpforms[fields][8][]\" value=\"En halua nime\u00e4ni n\u00e4kyviin kannattajaj\u00e4senlistassa\"  ><label class=\"wpforms-field-label-inline\" for=\"wpforms-20581-field_8_1\">En halua nime\u00e4ni n\u00e4kyviin kannattajaj\u00e4senlistassa<\/label><\/li><li class=\"choice-3 depth-1\"><input type=\"checkbox\" id=\"wpforms-20581-field_8_3\" name=\"wpforms[fields][8][]\" value=\"Haluan laskun s\u00e4hk\u00f6postiini\"  ><label class=\"wpforms-field-label-inline\" for=\"wpforms-20581-field_8_3\">Haluan laskun s\u00e4hk\u00f6postiini<\/label><\/li><li class=\"choice-4 depth-1\"><input type=\"checkbox\" id=\"wpforms-20581-field_8_4\" name=\"wpforms[fields][8][]\" value=\"Haluan laskun paperisena \"  ><label class=\"wpforms-field-label-inline\" for=\"wpforms-20581-field_8_4\">Haluan laskun paperisena <\/label><\/li><li class=\"choice-5 depth-1\"><input type=\"checkbox\" id=\"wpforms-20581-field_8_5\" name=\"wpforms[fields][8][]\" value=\"PayPal maksu\"  ><label class=\"wpforms-field-label-inline\" for=\"wpforms-20581-field_8_5\">PayPal maksu<\/label><\/li><\/ul><\/div><div id=\"wpforms-20581-field_4-container\" class=\"wpforms-field wpforms-field-textarea\" data-field-id=\"4\"><label class=\"wpforms-field-label\" for=\"wpforms-20581-field_4\">Viestikentt\u00e4<\/label><textarea id=\"wpforms-20581-field_4\" class=\"wpforms-field-medium\" name=\"wpforms[fields][4]\" ><\/textarea><\/div><\/div><div class=\"wpforms-field wpforms-field-hp\"><label for=\"wpforms-20581-field-hp\" class=\"wpforms-field-label\">Phone<\/label><input type=\"text\" name=\"wpforms[hp]\" id=\"wpforms-20581-field-hp\" class=\"wpforms-field-medium\"><\/div><div class=\"wpforms-submit-container\"><input type=\"hidden\" name=\"wpforms[id]\" value=\"20581\"><input type=\"hidden\" name=\"wpforms[author]\" value=\"1\"><button type=\"submit\" name=\"wpforms[submit]\" id=\"wpforms-submit-20581\" class=\"wpforms-submit\" data-alt-text=\"L\u00e4hett\u00e4\u00e4..\" data-submit-text=\"L\u00e4het\u00e4 \" aria-live=\"assertive\" value=\"wpforms-submit\">L\u00e4het\u00e4 <\/button><\/div><\/form><\/div>  <!-- .wpforms-container -->","protected":false},"excerpt":{"rendered":"","protected":false},"author":1,"featured_media":0,"parent":0,"menu_order":0,"comment_status":"closed","ping_status":"closed","template":"","meta":{"sfsi_plus_gutenberg_text_before_share":"","sfsi_plus_gutenberg_show_text_before_share":"","sfsi_plus_gutenberg_icon_type":"","sfsi_plus_gutenberg_icon_alignemt":"","sfsi_plus_gutenburg_max_per_row":""},"_links":{"self":[{"href":"https:\/\/5ghorses.com\/index.php\/wp-json\/wp\/v2\/pages\/20579"}],"collection":[{"href":"https:\/\/5ghorses.com\/index.php\/wp-json\/wp\/v2\/pages"}],"about":[{"href":"https:\/\/5ghorses.com\/index.php\/wp-json\/wp\/v2\/types\/page"}],"author":[{"embeddable":true,"href":"https:\/\/5ghorses.com\/index.php\/wp-json\/wp\/v2\/users\/1"}],"replies":[{"embeddable":true,"href":"https:\/\/5ghorses.com\/index.php\/wp-json\/wp\/v2\/comments?post=20579"}],"version-history":[{"count":1,"href":"https:\/\/5ghorses.com\/index.php\/wp-json\/wp\/v2\/pages\/20579\/revisions"}],"predecessor-version":[{"id":20584,"href":"https:\/\/5ghorses.com\/index.php\/wp-json\/wp\/v2\/pages\/20579\/revisions\/20584"}],"wp:attachment":[{"href":"https:\/\/5ghorses.com\/index.php\/wp-json\/wp\/v2\/media?parent=20579"}],"curies":[{"name":"wp","href":"https:\/\/api.w.org\/{rel}","templated":true}]}}