{"id":20555,"date":"2021-05-07T10:47:10","date_gmt":"2021-05-07T10:47:10","guid":{"rendered":"http:\/\/5ghorses.com\/?page_id=20555"},"modified":"2021-05-16T13:29:36","modified_gmt":"2021-05-16T13:29:36","slug":"tuki","status":"publish","type":"page","link":"https:\/\/5ghorses.com\/index.php\/tuki\/","title":{"rendered":"Tuki"},"content":{"rendered":"\n<p><strong>Auta meit\u00e4 menestym\u00e4\u00e4n<\/strong><\/p>\n\n\n\n<p>Nuoret ratsastajamme eiv\u00e4t ole varakkaita. Yksi yhdistyksen perustamisen syist\u00e4 on ollut mahdollistaa laji ja siin\u00e4 huipulle p\u00e4\u00e4seminen kaikille aidosti tavoitteellisille nuorille ratsastajille. Vaikka osa kilpailee lainaratsullakin, on hevosen yll\u00e4pito, valmentautuminen ja kilpailuihin osallistuminen huomattavan kallista. T\u00e4ss\u00e4 kohtaa tiimimme pyyt\u00e4\u00e4 tukeanne, jotta hyvin alkuun saatu ja toimiva malli pystyy jatkamaan ja kehittym\u00e4\u00e4n yh\u00e4 paremmaksi.<\/p>\n\n\n\n<p>Kaikki tuki k\u00e4ytet\u00e4\u00e4n suoraan nuorten ratsastajien valmentautumiseen, hevosten hyvinvointiin ja kilpailemisesta aiheutuviin kustannuksiin. Hy\u00f6dynn\u00e4mme ja edist\u00e4mme suomalaista&nbsp; asiantuntijuutta sek\u00e4 islanninhevoskasvatusta.<\/p>\n\n\n\n<p>Yhdistyksen tavoitteena on tukea suomalaisten, lahjakkaiden nuorien kehittymist\u00e4 kansainv\u00e4lisen tason kilparatsastajiksi ja lis\u00e4t\u00e4 suomalaisen islanninhevoskasvatuksen n\u00e4kyvyytt\u00e4 sek\u00e4 arvostusta.<\/p>\n\n\n\n<p><\/p>\n\n\n\n<p><strong>Miten voit olla mukana ?<\/strong><\/p>\n\n\n\n<p>1. <strong>Liity kannatusj\u00e4seneksi<\/strong>. <br>Tuki 50\u20ac. <br>T\u00e4yt\u00e4 v\u00e4ltt\u00e4m\u00e4tt\u00f6m\u00e4t tiedot oheisella lomakkeella tai anna vastaavat tiimin j\u00e4senelle. Saat laskun tai voit maksaa PayPal :lla t\u00e4m\u00e4n sivun alalaidasta.<br><a href=\"http:\/\/5ghorses.com\/index.php\/kannatusjasen\/\">http:\/\/5ghorses.com\/index.php\/kannatusjasen\/<\/a><\/p>\n\n\n\n<p><\/p>\n\n\n\n<p>2. <strong>Yrityksille<\/strong> oma kannatusvaihtoehto, joka sis\u00e4lt\u00e4\u00e4 yhteity\u00f6t\u00e4 mainonnan tai tunnettuuden tiimoilta.<br>Muistathan ett\u00e4 yrityksille tuki on useinmiten v\u00e4hennyskelpoista verotuksessa. L\u00e4het\u00e4mme erillisen laskun tarvittavine tietoineen t\u00e4t\u00e4 varten. Perustuki yrityksilt\u00e4 300\u20ac tai sopimuksen mukaan.<br>Vastavuoroisuutena n\u00e4kyvyytt\u00e4, esimerkiksi<br>&#8211;<em>traileritarrat<\/em>, <em>vaatemainokset<\/em>, (hoidamme tarrojen teon \/ painatuksen)<br>-nimi <em>sponsorisein\u00e4ll\u00e4<\/em>,<br>-n\u00e4kyvyys kotisivuillamme,<br>-somepostaukset tai vaikkapa<br>-&#8221;oma&#8221; nimikkoratsastaja, jonka kanssa voi sopia tuotteiden tai yrityksen esittelyst\u00e4.<br><a href=\"http:\/\/5ghorses.com\/index.php\/yritys-yhteistyo\/\">http:\/\/5ghorses.com\/index.php\/yritys-yhteistyo\/<\/a><\/p>\n\n\n\n<p><\/p>\n\n\n\n<p>3. <strong>Hanki myynniss\u00e4 olevia tuotteitamme<\/strong><br>T\u00e4ll\u00e4 hetkell\u00e4 brode-merkkej\u00e4, satulansuojia, tarroja sek\u00e4 muutamia takkeja. <\/p>\n\n\n\n<p><\/p>\n\n\n\n<p>4. <strong>Lahjoita<\/strong> meille tuotteita varainhankintaan. Yhdistys voi s\u00e4\u00e4nt\u00f6jens\u00e4 mukaan ottaa vastaan my\u00f6s lahjoituksia tai testamentteja. Mik\u00e4 tahansa tuote k\u00e4y. Jos se ei ole ratsastukseen tai hevosiin liittyv\u00e4\u00e4, mit\u00e4 voimme hy\u00f6dynt\u00e4\u00e4, k\u00e4yt\u00e4mme  lahjoitukset joko palkintoina arvonnoissa tai hoidamme niiden rahaksi muuttamisen. Voit lahjoittaa my\u00f6s osaamistasi. Ole yhteydess\u00e4 info@5ghorses.com tai 0400-498777\/ Anita<\/p>\n\n\n\n<div id=\"smart-button-container\">\n      <div style=\"text-align: center;\">\n        <div style=\"margin-bottom: 1.25rem;\">\n          <p>Kannatusj\u00e4senmaksu<\/p>\n          <select id=\"item-options\"><option value=\"Henkil\u00f6j\u00e4sen\" price=\"50.00\">Henkil\u00f6j\u00e4sen &#8211; 50.00 EUR<\/option><option value=\"Yritys\" price=\"300\">Yritys &#8211; 300 EUR<\/option><\/select>\n          <select style=\"visibility: hidden\" id=\"quantitySelect\"><\/select>\n        <\/div>\n      <div id=\"paypal-button-container\"><\/div>\n      <\/div>\n    <\/div>\n    <script src=\"https:\/\/www.paypal.com\/sdk\/js?client-id=AYCi1XHdy-RG6_v_9T_T2d8BsJSat-QYGRWgkv6NeYAoSrUmKa3xpKEC8jJVdK0FYeCy5NhdnE0a2emI&amp;currency=EUR\" data-sdk-integration-source=\"button-factory\"><\/script>\n    <script>\n      function initPayPalButton() {\n        var shipping = 0;\n        var itemOptions = document.querySelector(\"#smart-button-container #item-options\");\n    var quantity = parseInt();\n    var quantitySelect = document.querySelector(\"#smart-button-container #quantitySelect\");\n    if (!isNaN(quantity)) {\n      quantitySelect.style.visibility = \"visible\";\n    }\n    var orderDescription = 'Kannatusj\u00e4senmaksu';\n    if(orderDescription === '') {\n      orderDescription = 'Item';\n    }\n    paypal.Buttons({\n      style: {\n        shape: 'pill',\n        color: 'blue',\n        layout: 'horizontal',\n        label: 'pay',\n        \n      },\n      createOrder: function(data, actions) {\n        var selectedItemDescription = itemOptions.options[itemOptions.selectedIndex].value;\n        var selectedItemPrice = parseFloat(itemOptions.options[itemOptions.selectedIndex].getAttribute(\"price\"));\n        var tax = (0 === 0) ? 0 : (selectedItemPrice * (parseFloat(0)\/100));\n        if(quantitySelect.options.length > 0) {\n          quantity = parseInt(quantitySelect.options[quantitySelect.selectedIndex].value);\n        } else {\n          quantity = 1;\n        }\n\n        tax *= quantity;\n        tax = Math.round(tax * 100) \/ 100;\n        var priceTotal = quantity * selectedItemPrice + parseFloat(shipping) + tax;\n        priceTotal = Math.round(priceTotal * 100) \/ 100;\n        var itemTotalValue = Math.round((selectedItemPrice * quantity) * 100) \/ 100;\n\n        return actions.order.create({\n          purchase_units: [{\n            description: orderDescription,\n            amount: {\n              currency_code: 'EUR',\n              value: priceTotal,\n              breakdown: {\n                item_total: {\n                  currency_code: 'EUR',\n                  value: itemTotalValue,\n                },\n                shipping: {\n                  currency_code: 'EUR',\n                  value: shipping,\n                },\n                tax_total: {\n                  currency_code: 'EUR',\n                  value: tax,\n                }\n              }\n            },\n            items: [{\n              name: selectedItemDescription,\n              unit_amount: {\n                currency_code: 'EUR',\n                value: selectedItemPrice,\n              },\n              quantity: quantity\n            }]\n          }]\n        });\n      },\n      onApprove: function(data, actions) {\n        return actions.order.capture().then(function(details) {\n          alert('Transaction completed by ' + details.payer.name.given_name + '!');\n        });\n      },\n      onError: function(err) {\n        console.log(err);\n      },\n    }).render('#paypal-button-container');\n  }\n  initPayPalButton();\n    <\/script>\n","protected":false},"excerpt":{"rendered":"<p>Auta meit\u00e4 menestym\u00e4\u00e4n Nuoret ratsastajamme eiv\u00e4t ole varakkaita. Yksi yhdistyksen perustamisen syist\u00e4 on ollut mahdollistaa laji ja siin\u00e4 huipulle p\u00e4\u00e4seminen kaikille aidosti tavoitteellisille nuorille ratsastajille. Vaikka osa kilpailee lainaratsullakin, on&hellip;<\/p>\n<div class=\"read-more\"><a href=\"https:\/\/5ghorses.com\/index.php\/tuki\/\" class=\"read-more-link\">See More<\/a><\/div>\n","protected":false},"author":1,"featured_media":0,"parent":0,"menu_order":0,"comment_status":"closed","ping_status":"closed","template":"","meta":{"sfsi_plus_gutenberg_text_before_share":"","sfsi_plus_gutenberg_show_text_before_share":"","sfsi_plus_gutenberg_icon_type":"","sfsi_plus_gutenberg_icon_alignemt":"","sfsi_plus_gutenburg_max_per_row":""},"_links":{"self":[{"href":"https:\/\/5ghorses.com\/index.php\/wp-json\/wp\/v2\/pages\/20555"}],"collection":[{"href":"https:\/\/5ghorses.com\/index.php\/wp-json\/wp\/v2\/pages"}],"about":[{"href":"https:\/\/5ghorses.com\/index.php\/wp-json\/wp\/v2\/types\/page"}],"author":[{"embeddable":true,"href":"https:\/\/5ghorses.com\/index.php\/wp-json\/wp\/v2\/users\/1"}],"replies":[{"embeddable":true,"href":"https:\/\/5ghorses.com\/index.php\/wp-json\/wp\/v2\/comments?post=20555"}],"version-history":[{"count":38,"href":"https:\/\/5ghorses.com\/index.php\/wp-json\/wp\/v2\/pages\/20555\/revisions"}],"predecessor-version":[{"id":21556,"href":"https:\/\/5ghorses.com\/index.php\/wp-json\/wp\/v2\/pages\/20555\/revisions\/21556"}],"wp:attachment":[{"href":"https:\/\/5ghorses.com\/index.php\/wp-json\/wp\/v2\/media?parent=20555"}],"curies":[{"name":"wp","href":"https:\/\/api.w.org\/{rel}","templated":true}]}}