{"id":14,"date":"2019-08-22T13:03:55","date_gmt":"2019-08-22T13:03:55","guid":{"rendered":"http:\/\/5ghorses.com\/?page_id=14"},"modified":"2023-02-02T15:15:15","modified_gmt":"2023-02-02T15:15:15","slug":"5g-tiimi","status":"publish","type":"page","link":"https:\/\/5ghorses.com\/index.php\/5g-tiimi\/","title":{"rendered":"5G HORSES ry"},"content":{"rendered":"\n<p>5G Horses ry on tiimi, joka koostuu nuorista, huipulle t\u00e4ht\u00e4\u00e4vist\u00e4 ratsastajista.<br>Kilparatsut, islanninhevoset, ovat upeita alkuper\u00e4isrotuisia hevosia, joilla on per\u00e4ti viisi eri askellajia. Askellajiratsastus on laji, jonka \u00a0suosio kasvaa jatkuvasti meill\u00e4 ja maailmalla. Tiimiss\u00e4mme voi ratsastaa ja menesty\u00e4 jopa ilman omaakin hevosta suomalaisten kasvattajien ja sponsoreiden my\u00f6t\u00e4vaikutuksella.<\/p>\n\n\n\n<p>5G Horses panostaa nuoriin ratsastajiin, jotka valmentautuvat ja kilpailevat tavoitteellisesti. Kaudella 2023 mukana on kahdeksan edustusratsastajaa, jotka kaikki kilpailevat kansallisella tai kansainv\u00e4lisell\u00e4 tasolla. Tiimi kasvaa resurssien mukaan. Sponsorit ja tukijat ovat t\u00e4rkeit\u00e4, sill\u00e4 ilman heit\u00e4 emme pysty yht\u00e4 hyvin kulkemaan kohti tavoitteitamme. Maastamme l\u00f6ytyy paljon talenttia niin hevosista kuin ratsastajistakin, ja haluamme n\u00e4ytt\u00e4\u00e4 sen!<\/p>\n\n\n\n<h2>Uutta vaihdetta hevosurheiluun<\/h2>\n\n\n\n<figure class=\"wp-block-image size-large\"><img loading=\"lazy\" width=\"266\" height=\"153\" src=\"http:\/\/5ghorses.com\/wp-content\/uploads\/2019\/08\/5Ghorses_RGB72.jpg\" alt=\"5Ghorses logo\" class=\"wp-image-36\"\/><\/figure>\n\n\n\n<p>Islanninhevosillahan on niit\u00e4 viisi; k\u00e4ynti, ravi, t\u00f6ltti, laukka ja passi !<br>5G = 5 gaits or gears \ud83d\ude42<br><\/p>\n\n\n\n<figure class=\"wp-block-image size-large is-resized\"><img loading=\"lazy\" src=\"http:\/\/5ghorses.com\/wp-content\/uploads\/2020\/01\/engl.png\" alt=\"\" class=\"wp-image-4707\" width=\"125\" height=\"63\" srcset=\"https:\/\/5ghorses.com\/wp-content\/uploads\/2020\/01\/engl.png 500w, https:\/\/5ghorses.com\/wp-content\/uploads\/2020\/01\/engl-300x150.png 300w, https:\/\/5ghorses.com\/wp-content\/uploads\/2020\/01\/engl-400x200.png 400w\" sizes=\"(max-width: 125px) 100vw, 125px\" \/><\/figure>\n\n\n\n<p>The team\u2019s goal is to further the level of competitive riding and the breeding of Icelandic horses in Finland on an international scale. The team focuses on junior riders as well as young riders who are dedicated to achieve their goals in competitive riding. At the moment, the team consists of 7 young riders,  breeders and a large community of other people who are happy to help the team succeed with any skills they may have.<\/p>\n","protected":false},"excerpt":{"rendered":"<p>5G Horses ry on tiimi, joka koostuu nuorista, huipulle t\u00e4ht\u00e4\u00e4vist\u00e4 ratsastajista.Kilparatsut, islanninhevoset, ovat upeita alkuper\u00e4isrotuisia hevosia, joilla on per\u00e4ti viisi eri askellajia. Askellajiratsastus on laji, jonka \u00a0suosio kasvaa jatkuvasti meill\u00e4&hellip;<\/p>\n<div class=\"read-more\"><a href=\"https:\/\/5ghorses.com\/index.php\/5g-tiimi\/\" class=\"read-more-link\">See More<\/a><\/div>\n","protected":false},"author":1,"featured_media":36,"parent":0,"menu_order":0,"comment_status":"closed","ping_status":"closed","template":"","meta":{"sfsi_plus_gutenberg_text_before_share":"","sfsi_plus_gutenberg_show_text_before_share":"","sfsi_plus_gutenberg_icon_type":"","sfsi_plus_gutenberg_icon_alignemt":"","sfsi_plus_gutenburg_max_per_row":""},"_links":{"self":[{"href":"https:\/\/5ghorses.com\/index.php\/wp-json\/wp\/v2\/pages\/14"}],"collection":[{"href":"https:\/\/5ghorses.com\/index.php\/wp-json\/wp\/v2\/pages"}],"about":[{"href":"https:\/\/5ghorses.com\/index.php\/wp-json\/wp\/v2\/types\/page"}],"author":[{"embeddable":true,"href":"https:\/\/5ghorses.com\/index.php\/wp-json\/wp\/v2\/users\/1"}],"replies":[{"embeddable":true,"href":"https:\/\/5ghorses.com\/index.php\/wp-json\/wp\/v2\/comments?post=14"}],"version-history":[{"count":85,"href":"https:\/\/5ghorses.com\/index.php\/wp-json\/wp\/v2\/pages\/14\/revisions"}],"predecessor-version":[{"id":43356,"href":"https:\/\/5ghorses.com\/index.php\/wp-json\/wp\/v2\/pages\/14\/revisions\/43356"}],"wp:featuredmedia":[{"embeddable":true,"href":"https:\/\/5ghorses.com\/index.php\/wp-json\/wp\/v2\/media\/36"}],"wp:attachment":[{"href":"https:\/\/5ghorses.com\/index.php\/wp-json\/wp\/v2\/media?parent=14"}],"curies":[{"name":"wp","href":"https:\/\/api.w.org\/{rel}","templated":true}]}}