{"id":724,"date":"2019-09-10T13:04:58","date_gmt":"2019-09-10T13:04:58","guid":{"rendered":"http:\/\/5ghorses.com\/?page_id=724"},"modified":"2019-09-10T14:56:53","modified_gmt":"2019-09-10T14:56:53","slug":"johanna-vaurio-teravainen","status":"publish","type":"page","link":"http:\/\/5ghorses.com\/index.php\/johanna-vaurio-teravainen\/","title":{"rendered":"Johanna Vaurio-Ter\u00e4v\u00e4inen"},"content":{"rendered":"\n<div class=\"wp-block-image\"><figure class=\"aligncenter\"><img loading=\"lazy\" width=\"1024\" height=\"683\" src=\"http:\/\/5ghorses.com\/wp-content\/uploads\/2019\/09\/69875010_382542149327502_1392703752011513856_n-1024x683.png\" alt=\"\" class=\"wp-image-743\" srcset=\"http:\/\/5ghorses.com\/wp-content\/uploads\/2019\/09\/69875010_382542149327502_1392703752011513856_n-1024x683.png 1024w, http:\/\/5ghorses.com\/wp-content\/uploads\/2019\/09\/69875010_382542149327502_1392703752011513856_n-300x200.png 300w, http:\/\/5ghorses.com\/wp-content\/uploads\/2019\/09\/69875010_382542149327502_1392703752011513856_n-768x512.png 768w, http:\/\/5ghorses.com\/wp-content\/uploads\/2019\/09\/69875010_382542149327502_1392703752011513856_n-400x267.png 400w, http:\/\/5ghorses.com\/wp-content\/uploads\/2019\/09\/69875010_382542149327502_1392703752011513856_n-600x400.png 600w, http:\/\/5ghorses.com\/wp-content\/uploads\/2019\/09\/69875010_382542149327502_1392703752011513856_n.png 1200w\" sizes=\"(max-width: 1024px) 100vw, 1024px\" \/><\/figure><\/div>\n\n\n\n<p style=\"text-align:center\">Johannan kuvia rakastavat kaikki. <br>H\u00e4n taikoo kuviinsa tunnelmia ja hyv\u00e4\u00e4 oloa. Johanna on my\u00f6s islanninhevosharrastaja, el\u00e4inl\u00e4\u00e4k\u00e4ri, mutta yht\u00e4lailla ammattilainen valokuvaajana. Olemme onnellisia saadessamme h\u00e4net mukaan tiimiin. N\u00e4in pystymme kertomaan tarinaamme entist\u00e4 paremmin.<br><br>Kotisivut:  <a href=\"https:\/\/johannavauphotography.com\/\">https:\/\/johannavauphotography.com<\/a> <\/p>\n","protected":false},"excerpt":{"rendered":"<p>Johannan kuvia rakastavat kaikki. H\u00e4n taikoo kuviinsa tunnelmia ja hyv\u00e4\u00e4 oloa. Johanna on my\u00f6s islanninhevosharrastaja, el\u00e4inl\u00e4\u00e4k\u00e4ri, mutta yht\u00e4lailla ammattilainen valokuvaajana. Olemme onnellisia saadessamme h\u00e4net mukaan tiimiin. N\u00e4in pystymme kertomaan tarinaamme&hellip;<\/p>\n<div class=\"read-more\"><a href=\"http:\/\/5ghorses.com\/index.php\/johanna-vaurio-teravainen\/\" class=\"read-more-link\">See More<\/a><\/div>\n","protected":false},"author":1,"featured_media":0,"parent":0,"menu_order":0,"comment_status":"closed","ping_status":"closed","template":"","meta":{"sfsi_plus_gutenberg_text_before_share":"","sfsi_plus_gutenberg_show_text_before_share":"","sfsi_plus_gutenberg_icon_type":"","sfsi_plus_gutenberg_icon_alignemt":"","sfsi_plus_gutenburg_max_per_row":""},"_links":{"self":[{"href":"http:\/\/5ghorses.com\/index.php\/wp-json\/wp\/v2\/pages\/724"}],"collection":[{"href":"http:\/\/5ghorses.com\/index.php\/wp-json\/wp\/v2\/pages"}],"about":[{"href":"http:\/\/5ghorses.com\/index.php\/wp-json\/wp\/v2\/types\/page"}],"author":[{"embeddable":true,"href":"http:\/\/5ghorses.com\/index.php\/wp-json\/wp\/v2\/users\/1"}],"replies":[{"embeddable":true,"href":"http:\/\/5ghorses.com\/index.php\/wp-json\/wp\/v2\/comments?post=724"}],"version-history":[{"count":4,"href":"http:\/\/5ghorses.com\/index.php\/wp-json\/wp\/v2\/pages\/724\/revisions"}],"predecessor-version":[{"id":748,"href":"http:\/\/5ghorses.com\/index.php\/wp-json\/wp\/v2\/pages\/724\/revisions\/748"}],"wp:attachment":[{"href":"http:\/\/5ghorses.com\/index.php\/wp-json\/wp\/v2\/media?parent=724"}],"curies":[{"name":"wp","href":"https:\/\/api.w.org\/{rel}","templated":true}]}}