{"id":43212,"date":"2023-01-11T06:43:20","date_gmt":"2023-01-11T06:43:20","guid":{"rendered":"http:\/\/5ghorses.com\/?page_id=43212"},"modified":"2023-01-11T18:56:00","modified_gmt":"2023-01-11T18:56:00","slug":"kilpailukutsu","status":"publish","type":"page","link":"http:\/\/5ghorses.com\/index.php\/kilpailukutsu\/","title":{"rendered":"KILPAILUKUTSU"},"content":{"rendered":"\n<p class=\"has-text-align-left\"><strong>5G HORSES RY<\/strong> <strong>&amp;<\/strong> <strong>SUOMEN G\u00c6\u0110INGAKEPPNI- SEURA STORMUR RY<\/strong>&nbsp;<\/p>\n\n\n\n<div class=\"wp-block-columns\">\n<div class=\"wp-block-column\" style=\"flex-basis:100%\">\n<figure class=\"wp-block-image size-large is-resized\"><img loading=\"lazy\" src=\"http:\/\/5ghorses.com\/wp-content\/uploads\/2023\/01\/5Ghorses_MV300-1024x588.jpg\" alt=\"\" class=\"wp-image-43276\" width=\"290\" height=\"166\" srcset=\"http:\/\/5ghorses.com\/wp-content\/uploads\/2023\/01\/5Ghorses_MV300-1024x588.jpg 1024w, http:\/\/5ghorses.com\/wp-content\/uploads\/2023\/01\/5Ghorses_MV300-300x172.jpg 300w, http:\/\/5ghorses.com\/wp-content\/uploads\/2023\/01\/5Ghorses_MV300-768x441.jpg 768w, http:\/\/5ghorses.com\/wp-content\/uploads\/2023\/01\/5Ghorses_MV300-400x230.jpg 400w, http:\/\/5ghorses.com\/wp-content\/uploads\/2023\/01\/5Ghorses_MV300-600x345.jpg 600w, http:\/\/5ghorses.com\/wp-content\/uploads\/2023\/01\/5Ghorses_MV300.jpg 1107w\" sizes=\"(max-width: 290px) 100vw, 290px\" \/><\/figure>\n<\/div>\n<\/div>\n\n\n\n<figure class=\"wp-block-image size-full is-resized\"><img loading=\"lazy\" src=\"http:\/\/5ghorses.com\/wp-content\/uploads\/2023\/01\/stormur.png\" alt=\"\" class=\"wp-image-43259\" width=\"252\" height=\"252\" srcset=\"http:\/\/5ghorses.com\/wp-content\/uploads\/2023\/01\/stormur.png 225w, http:\/\/5ghorses.com\/wp-content\/uploads\/2023\/01\/stormur-150x150.png 150w, http:\/\/5ghorses.com\/wp-content\/uploads\/2023\/01\/stormur-100x100.png 100w\" sizes=\"(max-width: 252px) 100vw, 252px\" \/><\/figure>\n\n\n\n<p class=\"has-text-align-left\">j\u00e4rjest\u00e4v\u00e4t<\/p>\n\n\n\n<h1>VIRALLISET GK- KILPAILUT<\/h1>\n\n\n\n<p class=\"has-text-align-left\"><strong> KAAKKOLAN TILAN OVAALIRADALLA JA PASSISUORALLA 18.2.2023<\/strong><\/p>\n\n\n\n<p>Osoite: Ourajoentie 111, Loppi<\/p>\n\n\n\n<p><br><strong>ILMOITTAUTUMISMAKSU<br><\/strong>15,00 e<br><br><strong>LUOKKAMAKSUT<br><\/strong>10,00 e\/luokka<br><br>Maksut maksetaan <strong>8.2. menness\u00e4<br>5G Horses ry:n tilille FI77 4260 0010 4173 99<br> -viitteeksi hevosen nimi<\/strong><\/p>\n\n\n\n<p><strong><br>OHJEET ILMOITTAUTUMISEEN:<\/strong><\/p>\n\n\n\n<p>Ilmoittaudu kilpailuun <strong>8.2. menness\u00e4<\/strong> t\u00e4ll\u00e4 lomakkeella: <a href=\"https:\/\/forms.gle\/A6KPQFWV23bRAMvX9\">https:\/\/forms.gle\/A6KPQFWV23bRAMvX9<\/a><\/p>\n\n\n\n<p><strong>J\u00c4LKI-ILMOITTAUTUMISET JA MUUTOKSET<\/strong><\/p>\n\n\n\n<p>J\u00e4lki-ilmoittautumiset <strong>11.2. menness\u00e4<\/strong> s\u00e4hk\u00f6postitse osoitteeseen <a href=\"mailto:tupasvilla@icloud.com\">tupasvilla@icloud.com<\/a><\/p>\n\n\n\n<p>J\u00e4lki-ilmoittautumisen lis\u00e4maksu on kaikilta 10 \u20ac<\/p>\n\n\n\n<p><strong>KILPAILULUVAT:&nbsp;&nbsp;<\/strong><\/p>\n\n\n\n<p><strong>Ratsastaja:<\/strong><\/p>\n\n\n\n<ul><li>Toistaiseksi G\u00e6\u0111ingakeppniss\u00e4 ei Suomessa edellytet\u00e4 kilpailulupaa. Suositellaan SIHY:n, jonkin paikalliskerhon ja SRL:n j\u00e4senyyksi\u00e4<\/li><\/ul>\n\n\n\n<p><strong>Hevonen:<\/strong><strong><\/strong><\/p>\n\n\n\n<ul><li>Hevosen tulee olla World Fenguriin ja Suomen Hippokseen rekister\u00f6ity islanninhevonen. Hevoselta ei edellytet\u00e4 hevosen vuosimaksua.<\/li><li>Hevosten on oltava rokotettu influenssaa vastaan SRL:n ohjeen mukaan&nbsp;<a rel=\"noreferrer noopener\" href=\"https:\/\/www.ratsastus.fi\/site\/assets\/files\/20477\/ksi_2022_1.pdf?fbclid=IwAR3WUIGbeisOQYEBeH1IhVodI5Opf8F1BeBAyjsuBqoBnL76bg7EXv5WkWM\" target=\"_blank\">https:\/\/www.ratsastus.fi\/\u2026\/assets\/files\/20477\/ksi_2022_1.pdf<\/a>&nbsp;sivu 60.<\/li><li>Hevosen rokotustiedot tulee olla tarkastettavissa KIPAsta. Mik\u00e4li hevosen rokotuksia ei ole KIPAssa, ilmoittaudu kisapaikalla kansliaan esitt\u00e4m\u00e4\u00e4n rokotustiedot<\/li><\/ul>\n\n\n\n<p><br><strong>P\u00c4\u00c4TOIMIHENKIL\u00d6T:<\/strong><\/p>\n\n\n\n<ul><li>Kilpailunjohtajana toimii Ulla-Kaisa Kettunen, puh: 0505384433<\/li><li>Maksuasiat: <a href=\"mailto:info@5ghorses.com\">info@5ghorses.com<\/a><\/li><li>Ilmoittautumisten muutokset: <a href=\"mailto:tupasvilla@icloud.com\">tupasvilla@icloud.com<\/a><\/li><\/ul>\n\n\n\n<p><strong>TUOMARIT:<\/strong><\/p>\n\n\n\n<ul><li>Magn\u00fas J\u00f3nsson<\/li><li>Sandy Carsson<\/li><li>Taru Toikkanen<\/li><\/ul>\n\n\n\n<p><strong>YLEIST\u00c4:<\/strong><\/p>\n\n\n\n<ul><li>Kilpailijatiedote julkaistaan kilpailun Facebook-tapahtumasivuilla ja l\u00e4hetet\u00e4\u00e4n ilmoittautuneille s\u00e4hk\u00f6postitse.<\/li><li>Kilpailuissa noudatetaan FEIF-s\u00e4\u00e4nt\u00f6j\u00e4 soveltuvin osin.<\/li><li>Pid\u00e4t\u00e4mme oikeuden rajoittaa osallistujam\u00e4\u00e4r\u00e4\u00e4.<\/li><li>Muutamaa ulkokarsinapaikkaa tai tarhaa voi kysell\u00e4  info@5ghorses.com <\/li><\/ul>\n\n\n\n<p><br><strong>KILPAILULUOKAT<br><br><\/strong><\/p>\n\n\n\n<p><strong>A-flokkur 22 v ja yli<\/strong><\/p>\n\n\n\n<p>Suorituksessa esitet\u00e4\u00e4n:<\/p>\n\n\n\n<p>v\u00e4hint\u00e4\u00e4n puoli suoraa k\u00e4ynti\u00e4<br>1 suora ravia<br>1 suora t\u00f6ltti\u00e4 vapaavalintaisessa tempossa, joskin temponvaihteluista saa korkeammat pisteet.<br>1 suora laukkaa<br>1 suora passia<br>1 suora uusintana valinnainen askellaji<\/p>\n\n\n\n<p>T\u00f6ltin, passin, eteenp\u00e4inpyrkimyksen ja muodon pisteet kerrotaan kahdella.<\/p>\n\n\n\n<p><\/p>\n\n\n\n<p><strong>B-flokkur 22 v ja yli<\/strong><\/p>\n\n\n\n<p>Suorituksessa esitet\u00e4\u00e4n:<\/p>\n\n\n\n<p>v\u00e4hint\u00e4\u00e4n puoli suoraa k\u00e4ynti\u00e4<br>1 suora ravia<br>1 suora hidasta t\u00f6ltti\u00e4<br>1 suora nopeaa t\u00f6ltti\u00e4<br>1 suora laukkaa<br>1 suora uusintana valinnainen askellajiLis\u00e4ksi arvostellaan hevosen eteenp\u00e4inpyrkimys ja muoto ja niiden pisteet kerrotaan kahdella.<\/p>\n\n\n\n<p><\/p>\n\n\n\n<p><strong>C- flokkur 22 v ja yli<\/strong><\/p>\n\n\n\n<p>Suorituksessa esitet\u00e4\u00e4n:<\/p>\n\n\n\n<p>v\u00e4hint\u00e4\u00e4n puoli suoraa k\u00e4ynti\u00e4<br>1 suora ravia tai t\u00f6ltti\u00e4<br>1 suora laukkaa<br>1 suora uusintana valinnainen askellaji<br>Lis\u00e4ksi arvostellaan hevosen eteenp\u00e4inpyrkimys ja muotoC-flokkurissa ratsastajalla saa olla raippa mukana.<\/p>\n\n\n\n<p><\/p>\n\n\n\n<p><strong>C1-flokkur 22 v ja yli<\/strong><\/p>\n\n\n\n<p>Suorituksessa esitet\u00e4\u00e4n:<\/p>\n\n\n\n<p>v\u00e4hint\u00e4\u00e4n puoli suoraa k\u00e4ynti\u00e4<br>1 suora ravia<br>1 suora t\u00f6ltti\u00e4<br>1 suora uusintana valinnainen askellaji<br>Lis\u00e4ksi arvostellaan hevosen eteenp\u00e4inpyrkimys ja muotoC1-flokkurissa ratsastajalla saa olla raippa mukana. <\/p>\n\n\n\n<p><\/p>\n\n\n\n<p><strong>Lapset ja nuoret voivat halutessaan ratsastaa ik\u00e4ryhm\u00e4\u00e4ns\u00e4 vanhempien luokissa, mutta t\u00e4ll\u00f6in heid\u00e4t arvostellaan ja palkitaan yhdess\u00e4 muun luokan kanssa. Omaa ik\u00e4ryhm\u00e4\u00e4 nuorempien luokassa ei saa ratsastaa.<\/strong><\/p>\n\n\n\n<p><strong>Lasten luokka<\/strong> <strong>7\u201313 v<br><\/strong>Suorituksessa esitet\u00e4\u00e4n:<\/p>\n\n\n\n<p>1 suora k\u00e4ynti\u00e4<br>1 suora ravia tai t\u00f6ltti\u00e4<br>1 suora laukkaa<br>1 suora uusintana valinnainen askellaji<\/p>\n\n\n\n<p>Lis\u00e4ksi arvostellaan istunta ja avut jokaisesta osiosta erikseen, joten ne muodostavat 50 % koko arvostelusta. Lapsilla saa suorituksessa olla raippa mukana. <\/p>\n\n\n\n<p><\/p>\n\n\n\n<p><strong>Nuoret 14\u201317 v<\/strong><\/p>\n\n\n\n<p>Suorituksessa esitet\u00e4\u00e4n:<\/p>\n\n\n\n<p>1 suora k\u00e4ynti\u00e4<br>1 suora ravia<br>1 suora hidasta t\u00f6ltti\u00e4<br>1 suora nopeaa askellajia (ravi tai t\u00f6ltti)<br>1 suora laukkaa<br>1 suora uusintana valinnainen askellaji<\/p>\n\n\n\n<p>Lis\u00e4ksi arvostellaan istunta ja avut<\/p>\n\n\n\n<p>Nuorilla saa suorituksessa olla raippa mukana.<\/p>\n\n\n\n<p><\/p>\n\n\n\n<p><strong>Nuoret aikuiset 18\u201321 v<\/strong><\/p>\n\n\n\n<p>Ratsastetaan B-flokkurin ohjelma.<\/p>\n\n\n\n<p>Ainoa ero aikuisten ohjelmaan on, ett\u00e4 nuorille aikuisille ei pisteytyksess\u00e4 tule kertoimia.<\/p>\n\n\n\n<p><\/p>\n\n\n\n<p><strong>Nuoret aikuiset A-flokkur 18\u201321 v<\/strong><\/p>\n\n\n\n<p>Ratsastetaan A-flokkurin ohjelma.<\/p>\n\n\n\n<p>Ainoa ero aikuisten ohjelmaan on, ett\u00e4 nuorille aikuisille ei pisteytyksess\u00e4 tule kertoimia.<\/p>\n\n\n\n<p><\/p>\n\n\n\n<p><strong>GK T\u00f6ltti aikuiset 22v ja yli<\/strong><\/p>\n\n\n\n<p>Suorituksessa esitet\u00e4\u00e4n:<\/p>\n\n\n\n<p>2 suoraa hidasta t\u00f6ltti\u00e4<br>Hidastus k\u00e4yntiin ja suunnan vaihto<br>2 suoraa vapaatempoista t\u00f6ltti\u00e4<br>Lis\u00e4ksi arvostellaan hevosen eteenp\u00e4inpyrkimys ja muoto<strong>.<br><\/strong>Raippa ei ole sallittu suorituksessa.<\/p>\n\n\n\n<p><\/p>\n\n\n\n<p><strong>GK T\u00f6ltti nuoret aikuiset 18\u201321 v<\/strong><\/p>\n\n\n\n<p>Suoritus ja arvostelu samat kuin aikuisten GK-t\u00f6ltiss\u00e4. <\/p>\n\n\n\n<p><\/p>\n\n\n\n<p><strong>GK T\u00f6ltti nuoret 14-17v<\/strong><\/p>\n\n\n\n<p>Suorituksessa esitet\u00e4\u00e4n:<\/p>\n\n\n\n<p>2 suoraa hidasta t\u00f6ltti\u00e4<br>Hidastus k\u00e4yntiin ja suunnan vaihto<br>2 suoraa vapaatempoista t\u00f6ltti\u00e4<br>Lis\u00e4ksi arvostellaan molemmista ohjelmanosista erikseen istunta ja avut.<br>Raippa saa olla mukana suorituksessa.<\/p>\n\n\n\n<p><\/p>\n\n\n\n<p><strong>GK T\u00f6ltti lapset 7-13v<\/strong><\/p>\n\n\n\n<p>Suoritus ja arvostelu samat kuin nuorten GK-t\u00f6ltiss\u00e4<\/p>\n\n\n\n<p>Kilpailujen j\u00e4rjest\u00e4j\u00e4t pid\u00e4tt\u00e4v\u00e4t oikeudet aikataulu- ym. muutoksiin.<\/p>\n\n\n\n<p>Muutoksista tiedotetaan ilmoittautuneille ja kisan fb-tapahtumassa.<\/p>\n\n\n\n<p><\/p>\n\n\n\n<p class=\"has-text-align-left\"><\/p>\n\n\n\n<p><a href=\"http:\/\/5ghorses.com\/index.php\/gaedingakeppni-eli-gaedingakeppni-saannot\/\" data-type=\"URL\" data-id=\"http:\/\/5ghorses.com\/index.php\/gaedingakeppni-eli-gaedingakeppni-saannot\/\" target=\"_blank\" rel=\"noreferrer noopener\"><br>G\u00e6\u0111ingakeppnin s\u00e4\u00e4nt\u00f6jen vapaa suomennos (Hanna Hirvonen, p\u00e4ivitetty 2023)<\/a><\/p>\n","protected":false},"excerpt":{"rendered":"<p>5G HORSES RY &amp; SUOMEN G\u00c6\u0110INGAKEPPNI- SEURA STORMUR RY&nbsp; j\u00e4rjest\u00e4v\u00e4t VIRALLISET GK- KILPAILUT KAAKKOLAN TILAN OVAALIRADALLA JA PASSISUORALLA 18.2.2023 Osoite: Ourajoentie 111, Loppi ILMOITTAUTUMISMAKSU15,00 e LUOKKAMAKSUT10,00 e\/luokka Maksut maksetaan 8.2.&hellip;<\/p>\n<div class=\"read-more\"><a href=\"http:\/\/5ghorses.com\/index.php\/kilpailukutsu\/\" class=\"read-more-link\">See More<\/a><\/div>\n","protected":false},"author":1,"featured_media":0,"parent":0,"menu_order":0,"comment_status":"closed","ping_status":"closed","template":"","meta":{"sfsi_plus_gutenberg_text_before_share":"","sfsi_plus_gutenberg_show_text_before_share":"","sfsi_plus_gutenberg_icon_type":"","sfsi_plus_gutenberg_icon_alignemt":"","sfsi_plus_gutenburg_max_per_row":""},"_links":{"self":[{"href":"http:\/\/5ghorses.com\/index.php\/wp-json\/wp\/v2\/pages\/43212"}],"collection":[{"href":"http:\/\/5ghorses.com\/index.php\/wp-json\/wp\/v2\/pages"}],"about":[{"href":"http:\/\/5ghorses.com\/index.php\/wp-json\/wp\/v2\/types\/page"}],"author":[{"embeddable":true,"href":"http:\/\/5ghorses.com\/index.php\/wp-json\/wp\/v2\/users\/1"}],"replies":[{"embeddable":true,"href":"http:\/\/5ghorses.com\/index.php\/wp-json\/wp\/v2\/comments?post=43212"}],"version-history":[{"count":22,"href":"http:\/\/5ghorses.com\/index.php\/wp-json\/wp\/v2\/pages\/43212\/revisions"}],"predecessor-version":[{"id":43303,"href":"http:\/\/5ghorses.com\/index.php\/wp-json\/wp\/v2\/pages\/43212\/revisions\/43303"}],"wp:attachment":[{"href":"http:\/\/5ghorses.com\/index.php\/wp-json\/wp\/v2\/media?parent=43212"}],"curies":[{"name":"wp","href":"https:\/\/api.w.org\/{rel}","templated":true}]}}