{"id":4229,"date":"2020-01-09T12:36:28","date_gmt":"2020-01-09T12:36:28","guid":{"rendered":"http:\/\/5ghorses.com\/?page_id=4229"},"modified":"2022-10-19T11:03:41","modified_gmt":"2022-10-19T11:03:41","slug":"veera-niemi","status":"publish","type":"page","link":"http:\/\/5ghorses.com\/index.php\/veera-niemi\/","title":{"rendered":"Veera Niemi"},"content":{"rendered":"\n<figure class=\"wp-block-image size-large\"><img loading=\"lazy\" width=\"682\" height=\"1024\" src=\"http:\/\/5ghorses.com\/wp-content\/uploads\/2022\/10\/iita-mariaahtiainen-682x1024.jpeg\" alt=\"\" class=\"wp-image-43189\" srcset=\"http:\/\/5ghorses.com\/wp-content\/uploads\/2022\/10\/iita-mariaahtiainen-682x1024.jpeg 682w, http:\/\/5ghorses.com\/wp-content\/uploads\/2022\/10\/iita-mariaahtiainen-200x300.jpeg 200w, http:\/\/5ghorses.com\/wp-content\/uploads\/2022\/10\/iita-mariaahtiainen-768x1153.jpeg 768w, http:\/\/5ghorses.com\/wp-content\/uploads\/2022\/10\/iita-mariaahtiainen-1023x1536.jpeg 1023w, http:\/\/5ghorses.com\/wp-content\/uploads\/2022\/10\/iita-mariaahtiainen-400x601.jpeg 400w, http:\/\/5ghorses.com\/wp-content\/uploads\/2022\/10\/iita-mariaahtiainen-600x901.jpeg 600w, http:\/\/5ghorses.com\/wp-content\/uploads\/2022\/10\/iita-mariaahtiainen.jpeg 1364w\" sizes=\"(max-width: 682px) 100vw, 682px\" \/><figcaption>Kuva: Iita-Maria ahtiainen<\/figcaption><\/figure>\n\n\n\n<p>Veera Niemi (2003) on h\u00e4meenlinnalainen nuori ratsastaja, joka on kilapaillut SM-tasolla vuodesta 2017 l\u00e4htien. Omien kilpahevosten lis\u00e4ksi h\u00e4n treenaa useita hevosia Kaakkolan tilalla.<\/p>\n\n\n\n<p>T\u00e4ll\u00e4 hetkell\u00e4 Veera kilpailee perheen omakasvattitamman Hekla fra Vidarbrekun kanssa passilajeissa. Suurimpiin saavutuksiin kuuluu viisi SM-kultamitalia ja useita muita sijoituksia. Ratsukko edusti Suomea PM-kilpailuissa Ahvenanmaalla vuonna 2022.<\/p>\n\n\n\n<figure class=\"wp-block-image size-large\"><img loading=\"lazy\" width=\"1024\" height=\"683\" src=\"http:\/\/5ghorses.com\/wp-content\/uploads\/2022\/10\/veera-1024x683.jpeg\" alt=\"\" class=\"wp-image-43191\" srcset=\"http:\/\/5ghorses.com\/wp-content\/uploads\/2022\/10\/veera-1024x683.jpeg 1024w, http:\/\/5ghorses.com\/wp-content\/uploads\/2022\/10\/veera-300x200.jpeg 300w, http:\/\/5ghorses.com\/wp-content\/uploads\/2022\/10\/veera-768x512.jpeg 768w, http:\/\/5ghorses.com\/wp-content\/uploads\/2022\/10\/veera-400x267.jpeg 400w, http:\/\/5ghorses.com\/wp-content\/uploads\/2022\/10\/veera-600x400.jpeg 600w, http:\/\/5ghorses.com\/wp-content\/uploads\/2022\/10\/veera.jpeg 1067w\" sizes=\"(max-width: 1024px) 100vw, 1024px\" \/><\/figure>\n\n\n\n<p>Ovaaliluokissa kilparatsuna Veeralla toimii Kaakkolan tilan omistama Steina fra Kaakkola, jonka kanssa h\u00e4n on saavuttanut SM-hopeaa nuorissa, sek\u00e4 hyv\u00e4n ja harmoonisen ratsastuksen palkintoja.<\/p>\n\n\n\n<figure class=\"wp-block-image size-full\"><img loading=\"lazy\" width=\"750\" height=\"932\" src=\"http:\/\/5ghorses.com\/wp-content\/uploads\/2022\/10\/WhatsApp-Image-2022-10-19-at-11.45.08.jpeg\" alt=\"\" class=\"wp-image-43192\" srcset=\"http:\/\/5ghorses.com\/wp-content\/uploads\/2022\/10\/WhatsApp-Image-2022-10-19-at-11.45.08.jpeg 750w, http:\/\/5ghorses.com\/wp-content\/uploads\/2022\/10\/WhatsApp-Image-2022-10-19-at-11.45.08-241x300.jpeg 241w, http:\/\/5ghorses.com\/wp-content\/uploads\/2022\/10\/WhatsApp-Image-2022-10-19-at-11.45.08-400x497.jpeg 400w, http:\/\/5ghorses.com\/wp-content\/uploads\/2022\/10\/WhatsApp-Image-2022-10-19-at-11.45.08-600x746.jpeg 600w\" sizes=\"(max-width: 750px) 100vw, 750px\" \/><\/figure>\n\n\n\n<p><\/p>\n\n\n\n<figure class=\"wp-block-image\"><img alt=\"\"\/><\/figure>\n","protected":false},"excerpt":{"rendered":"<p>Veera Niemi (2003) on h\u00e4meenlinnalainen nuori ratsastaja, joka on kilapaillut SM-tasolla vuodesta 2017 l\u00e4htien. Omien kilpahevosten lis\u00e4ksi h\u00e4n treenaa useita hevosia Kaakkolan tilalla. T\u00e4ll\u00e4 hetkell\u00e4 Veera kilpailee perheen omakasvattitamman Hekla&hellip;<\/p>\n<div class=\"read-more\"><a href=\"http:\/\/5ghorses.com\/index.php\/veera-niemi\/\" class=\"read-more-link\">See More<\/a><\/div>\n","protected":false},"author":1,"featured_media":0,"parent":0,"menu_order":0,"comment_status":"closed","ping_status":"closed","template":"","meta":{"sfsi_plus_gutenberg_text_before_share":"","sfsi_plus_gutenberg_show_text_before_share":"","sfsi_plus_gutenberg_icon_type":"","sfsi_plus_gutenberg_icon_alignemt":"","sfsi_plus_gutenburg_max_per_row":""},"_links":{"self":[{"href":"http:\/\/5ghorses.com\/index.php\/wp-json\/wp\/v2\/pages\/4229"}],"collection":[{"href":"http:\/\/5ghorses.com\/index.php\/wp-json\/wp\/v2\/pages"}],"about":[{"href":"http:\/\/5ghorses.com\/index.php\/wp-json\/wp\/v2\/types\/page"}],"author":[{"embeddable":true,"href":"http:\/\/5ghorses.com\/index.php\/wp-json\/wp\/v2\/users\/1"}],"replies":[{"embeddable":true,"href":"http:\/\/5ghorses.com\/index.php\/wp-json\/wp\/v2\/comments?post=4229"}],"version-history":[{"count":9,"href":"http:\/\/5ghorses.com\/index.php\/wp-json\/wp\/v2\/pages\/4229\/revisions"}],"predecessor-version":[{"id":43194,"href":"http:\/\/5ghorses.com\/index.php\/wp-json\/wp\/v2\/pages\/4229\/revisions\/43194"}],"wp:attachment":[{"href":"http:\/\/5ghorses.com\/index.php\/wp-json\/wp\/v2\/media?parent=4229"}],"curies":[{"name":"wp","href":"https:\/\/api.w.org\/{rel}","templated":true}]}}