{"id":4148,"date":"2020-01-07T10:23:54","date_gmt":"2020-01-07T10:23:54","guid":{"rendered":"http:\/\/5ghorses.com\/?page_id=4148"},"modified":"2020-02-17T14:46:02","modified_gmt":"2020-02-17T14:46:02","slug":"talli-metz","status":"publish","type":"page","link":"http:\/\/5ghorses.com\/index.php\/talli-metz\/","title":{"rendered":"Talli Metz"},"content":{"rendered":"\n<div class=\"wp-block-group\"><div class=\"wp-block-group__inner-container\">\n<figure class=\"wp-block-gallery columns-2 is-cropped\"><ul class=\"blocks-gallery-grid\"><li class=\"blocks-gallery-item\"><figure><img loading=\"lazy\" width=\"768\" height=\"1024\" src=\"http:\/\/5ghorses.com\/wp-content\/uploads\/2020\/01\/kaarinametz.jpeg\" alt=\"\" data-id=\"4150\" data-full-url=\"http:\/\/5ghorses.com\/wp-content\/uploads\/2020\/01\/kaarinametz.jpeg\" data-link=\"http:\/\/5ghorses.com\/?attachment_id=4150\" class=\"wp-image-4150\" srcset=\"http:\/\/5ghorses.com\/wp-content\/uploads\/2020\/01\/kaarinametz.jpeg 768w, http:\/\/5ghorses.com\/wp-content\/uploads\/2020\/01\/kaarinametz-225x300.jpeg 225w, http:\/\/5ghorses.com\/wp-content\/uploads\/2020\/01\/kaarinametz-400x533.jpeg 400w, http:\/\/5ghorses.com\/wp-content\/uploads\/2020\/01\/kaarinametz-600x800.jpeg 600w\" sizes=\"(max-width: 768px) 100vw, 768px\" \/><figcaption class=\"blocks-gallery-item__caption\">Kaarina Metz<\/figcaption><\/figure><\/li><li class=\"blocks-gallery-item\"><figure><img loading=\"lazy\" width=\"1024\" height=\"683\" src=\"http:\/\/5ghorses.com\/wp-content\/uploads\/2020\/01\/annemetz-1024x683.jpg\" alt=\"\" data-id=\"4149\" data-full-url=\"http:\/\/5ghorses.com\/wp-content\/uploads\/2020\/01\/annemetz.jpg\" data-link=\"http:\/\/5ghorses.com\/?attachment_id=4149\" class=\"wp-image-4149\" srcset=\"http:\/\/5ghorses.com\/wp-content\/uploads\/2020\/01\/annemetz-1024x683.jpg 1024w, http:\/\/5ghorses.com\/wp-content\/uploads\/2020\/01\/annemetz-300x200.jpg 300w, http:\/\/5ghorses.com\/wp-content\/uploads\/2020\/01\/annemetz-768x512.jpg 768w, http:\/\/5ghorses.com\/wp-content\/uploads\/2020\/01\/annemetz-400x267.jpg 400w, http:\/\/5ghorses.com\/wp-content\/uploads\/2020\/01\/annemetz-600x400.jpg 600w, http:\/\/5ghorses.com\/wp-content\/uploads\/2020\/01\/annemetz.jpg 1086w\" sizes=\"(max-width: 1024px) 100vw, 1024px\" \/><figcaption class=\"blocks-gallery-item__caption\">Anne Metz<\/figcaption><\/figure><\/li><\/ul><\/figure>\n<\/div><\/div>\n\n\n\n<p>Anne ja Kaarina Metz aloittivat islanninhevosten\nkasvatuksen puolivahingossa Hollannissa. Ensimm\u00e4inen varsa syntyi vuonna 2013,\nja sen j\u00e4lkeen on seurannut kymmeni\u00e4 lis\u00e4\u00e4.<\/p>\n\n\n\n<figure class=\"wp-block-image size-large\"><img loading=\"lazy\" width=\"768\" height=\"1024\" src=\"http:\/\/5ghorses.com\/wp-content\/uploads\/2020\/01\/metz6.jpeg\" alt=\"\" class=\"wp-image-4162\" srcset=\"http:\/\/5ghorses.com\/wp-content\/uploads\/2020\/01\/metz6.jpeg 768w, http:\/\/5ghorses.com\/wp-content\/uploads\/2020\/01\/metz6-225x300.jpeg 225w, http:\/\/5ghorses.com\/wp-content\/uploads\/2020\/01\/metz6-400x533.jpeg 400w, http:\/\/5ghorses.com\/wp-content\/uploads\/2020\/01\/metz6-600x800.jpeg 600w\" sizes=\"(max-width: 768px) 100vw, 768px\" \/><\/figure>\n\n\n\n<p>Vuonna 2017 Metzit ostivat huippuori Narri fr\u00e1\nVesti-Leir\u00e1rg\u00f6r\u00f0umin. <\/p>\n\n\n\n<figure class=\"wp-block-image size-large\"><img loading=\"lazy\" width=\"1024\" height=\"576\" src=\"http:\/\/5ghorses.com\/wp-content\/uploads\/2020\/01\/narri-1024x576.jpg\" alt=\"\" class=\"wp-image-4168\" srcset=\"http:\/\/5ghorses.com\/wp-content\/uploads\/2020\/01\/narri-1024x576.jpg 1024w, http:\/\/5ghorses.com\/wp-content\/uploads\/2020\/01\/narri-300x169.jpg 300w, http:\/\/5ghorses.com\/wp-content\/uploads\/2020\/01\/narri-768x432.jpg 768w, http:\/\/5ghorses.com\/wp-content\/uploads\/2020\/01\/narri-400x225.jpg 400w, http:\/\/5ghorses.com\/wp-content\/uploads\/2020\/01\/narri-600x338.jpg 600w, http:\/\/5ghorses.com\/wp-content\/uploads\/2020\/01\/narri.jpg 1182w\" sizes=\"(max-width: 1024px) 100vw, 1024px\" \/><\/figure>\n\n\n\n<p>Narri sijoittui Hollannin 2017 MM -kisoissa hienosti\nhopealle sek\u00e4 5-k\u00e4ynniss\u00e4 ett\u00e4 5-k\u00e4yntikombinaatiossa.<\/p>\n\n\n\n<p>Metzit olivat kes\u00e4ll\u00e4 2018 Suomessa, kun Narri astui\ntammoja, ja Kaarina kilpaili samalla sill\u00e4 ja toisella orilla Bragilla. Samalta\nkes\u00e4lomareissulta l\u00f6ytyi my\u00f6s uusi koti M\u00e4nts\u00e4l\u00e4st\u00e4. Metzit muuttivat\nhevosineen viel\u00e4 samana syksyn\u00e4 Suomeen.<\/p>\n\n\n\n<figure class=\"wp-block-image size-large\"><img loading=\"lazy\" width=\"768\" height=\"1024\" src=\"http:\/\/5ghorses.com\/wp-content\/uploads\/2020\/01\/metz3.jpeg\" alt=\"\" class=\"wp-image-4153\" srcset=\"http:\/\/5ghorses.com\/wp-content\/uploads\/2020\/01\/metz3.jpeg 768w, http:\/\/5ghorses.com\/wp-content\/uploads\/2020\/01\/metz3-225x300.jpeg 225w, http:\/\/5ghorses.com\/wp-content\/uploads\/2020\/01\/metz3-400x533.jpeg 400w, http:\/\/5ghorses.com\/wp-content\/uploads\/2020\/01\/metz3-600x800.jpeg 600w\" sizes=\"(max-width: 768px) 100vw, 768px\" \/><\/figure>\n\n\n\n<p>Sittemmin heill\u00e4 on remonttia riitt\u00e4nyt, kun paikkoja on\nkunnostettu, ja nyt Metzien \u201dhevoskyl\u00e4st\u00e4\u201d l\u00f6ytyy kaksi tallia, kaksi pihattoa,\niso ulkokentt\u00e4, minimaneesi ja ovaali- ja GK-rata sek\u00e4 yli 300-metrinen\npassirata. My\u00f6s tarhoihin ja hevosten liikuntamahdollisuuksiin on panostettu.\nTarkoitus onkin alkaa j\u00e4rjest\u00e4\u00e4 erilaista kurssitoimintaa ja ehk\u00e4p\u00e4 pit\u00e4\u00e4 my\u00f6s\npienimuotoisia harjoituskisoja.<\/p>\n\n\n\n<figure class=\"wp-block-image size-large\"><img loading=\"lazy\" width=\"768\" height=\"1024\" src=\"http:\/\/5ghorses.com\/wp-content\/uploads\/2020\/01\/metz1.jpeg\" alt=\"\" class=\"wp-image-4154\" srcset=\"http:\/\/5ghorses.com\/wp-content\/uploads\/2020\/01\/metz1.jpeg 768w, http:\/\/5ghorses.com\/wp-content\/uploads\/2020\/01\/metz1-225x300.jpeg 225w, http:\/\/5ghorses.com\/wp-content\/uploads\/2020\/01\/metz1-400x533.jpeg 400w, http:\/\/5ghorses.com\/wp-content\/uploads\/2020\/01\/metz1-600x800.jpeg 600w\" sizes=\"(max-width: 768px) 100vw, 768px\" \/><\/figure>\n\n\n\n<p>Tilalla on kasvamassa eri ik\u00e4isi\u00e4 nuoria hevosia ja\nvuonna 2019 syntyi 8 uutta varsaa.<\/p>\n\n\n\n<p>Lis\u00e4ksi tilalla on kilpahevosia ja astuvia oriita.\nKasvatustoiminnan ohella Kaarina jatkaa kilparatsastusta.<\/p>\n\n\n\n<figure class=\"wp-block-image size-large\"><img loading=\"lazy\" width=\"1024\" height=\"1024\" src=\"http:\/\/5ghorses.com\/wp-content\/uploads\/2020\/01\/metz2.jpeg\" alt=\"\" class=\"wp-image-4152\" srcset=\"http:\/\/5ghorses.com\/wp-content\/uploads\/2020\/01\/metz2.jpeg 1024w, http:\/\/5ghorses.com\/wp-content\/uploads\/2020\/01\/metz2-300x300.jpeg 300w, http:\/\/5ghorses.com\/wp-content\/uploads\/2020\/01\/metz2-150x150.jpeg 150w, http:\/\/5ghorses.com\/wp-content\/uploads\/2020\/01\/metz2-768x768.jpeg 768w, http:\/\/5ghorses.com\/wp-content\/uploads\/2020\/01\/metz2-400x400.jpeg 400w, http:\/\/5ghorses.com\/wp-content\/uploads\/2020\/01\/metz2-600x600.jpeg 600w, http:\/\/5ghorses.com\/wp-content\/uploads\/2020\/01\/metz2-100x100.jpeg 100w\" sizes=\"(max-width: 1024px) 100vw, 1024px\" \/><\/figure>\n\n\n\n<p>Metzeill\u00e4 on my\u00f6s Islannissa on pienimuotoista kasvatusta eli 2 varsovaa tammaa.<\/p>\n\n\n\n<p>Anne ja Kaarina ovat olleet mukana aktiivisesti ja tarjonneet mm ovaali- ja passirataansa tiimin k\u00e4ytt\u00f6\u00f6n. Toivottavasti tulevaisuudessa n\u00e4hd\u00e4\u00e4n my\u00f6s tallin hevosia tiimin ratsuina.<\/p>\n\n\n\n<p>Yhteystiedot:<\/p>\n\n\n\n<figure class=\"wp-block-image size-large\"><img loading=\"lazy\" width=\"1024\" height=\"498\" src=\"http:\/\/5ghorses.com\/wp-content\/uploads\/2020\/01\/metz6-1024x498.jpg\" alt=\"\" class=\"wp-image-4170\" srcset=\"http:\/\/5ghorses.com\/wp-content\/uploads\/2020\/01\/metz6-1024x498.jpg 1024w, http:\/\/5ghorses.com\/wp-content\/uploads\/2020\/01\/metz6-300x146.jpg 300w, http:\/\/5ghorses.com\/wp-content\/uploads\/2020\/01\/metz6-768x373.jpg 768w, http:\/\/5ghorses.com\/wp-content\/uploads\/2020\/01\/metz6-1536x747.jpg 1536w, http:\/\/5ghorses.com\/wp-content\/uploads\/2020\/01\/metz6-400x194.jpg 400w, http:\/\/5ghorses.com\/wp-content\/uploads\/2020\/01\/metz6-600x292.jpg 600w, http:\/\/5ghorses.com\/wp-content\/uploads\/2020\/01\/metz6.jpg 2016w\" sizes=\"(max-width: 1024px) 100vw, 1024px\" \/><\/figure>\n\n\n\n<p><a href=\"mailto:tallimetz@gmail.com\">tallimetz@gmail.com<\/a><\/p>\n\n\n\n<p>Anne: 044- 915 9248<\/p>\n\n\n\n<p><\/p>\n","protected":false},"excerpt":{"rendered":"<p>Anne ja Kaarina Metz aloittivat islanninhevosten kasvatuksen puolivahingossa Hollannissa. Ensimm\u00e4inen varsa syntyi vuonna 2013, ja sen j\u00e4lkeen on seurannut kymmeni\u00e4 lis\u00e4\u00e4. Vuonna 2017 Metzit ostivat huippuori Narri fr\u00e1 Vesti-Leir\u00e1rg\u00f6r\u00f0umin. Narri&hellip;<\/p>\n<div class=\"read-more\"><a href=\"http:\/\/5ghorses.com\/index.php\/talli-metz\/\" class=\"read-more-link\">See More<\/a><\/div>\n","protected":false},"author":1,"featured_media":0,"parent":0,"menu_order":0,"comment_status":"closed","ping_status":"closed","template":"","meta":{"sfsi_plus_gutenberg_text_before_share":"","sfsi_plus_gutenberg_show_text_before_share":"","sfsi_plus_gutenberg_icon_type":"","sfsi_plus_gutenberg_icon_alignemt":"","sfsi_plus_gutenburg_max_per_row":""},"_links":{"self":[{"href":"http:\/\/5ghorses.com\/index.php\/wp-json\/wp\/v2\/pages\/4148"}],"collection":[{"href":"http:\/\/5ghorses.com\/index.php\/wp-json\/wp\/v2\/pages"}],"about":[{"href":"http:\/\/5ghorses.com\/index.php\/wp-json\/wp\/v2\/types\/page"}],"author":[{"embeddable":true,"href":"http:\/\/5ghorses.com\/index.php\/wp-json\/wp\/v2\/users\/1"}],"replies":[{"embeddable":true,"href":"http:\/\/5ghorses.com\/index.php\/wp-json\/wp\/v2\/comments?post=4148"}],"version-history":[{"count":8,"href":"http:\/\/5ghorses.com\/index.php\/wp-json\/wp\/v2\/pages\/4148\/revisions"}],"predecessor-version":[{"id":5659,"href":"http:\/\/5ghorses.com\/index.php\/wp-json\/wp\/v2\/pages\/4148\/revisions\/5659"}],"wp:attachment":[{"href":"http:\/\/5ghorses.com\/index.php\/wp-json\/wp\/v2\/media?parent=4148"}],"curies":[{"name":"wp","href":"https:\/\/api.w.org\/{rel}","templated":true}]}}