{"id":4028,"date":"2020-01-03T15:35:23","date_gmt":"2020-01-03T15:35:23","guid":{"rendered":"http:\/\/5ghorses.com\/?page_id=4028"},"modified":"2020-01-03T15:35:23","modified_gmt":"2020-01-03T15:35:23","slug":"ulla-kaisa-kettunen","status":"publish","type":"page","link":"http:\/\/5ghorses.com\/index.php\/ulla-kaisa-kettunen\/","title":{"rendered":"Ulla-Kaisa Kettunen"},"content":{"rendered":"\n<figure class=\"wp-block-image size-large\"><img loading=\"lazy\" width=\"805\" height=\"966\" src=\"http:\/\/5ghorses.com\/wp-content\/uploads\/2020\/01\/ultsi.jpeg\" alt=\"\" class=\"wp-image-4029\" srcset=\"http:\/\/5ghorses.com\/wp-content\/uploads\/2020\/01\/ultsi.jpeg 805w, http:\/\/5ghorses.com\/wp-content\/uploads\/2020\/01\/ultsi-250x300.jpeg 250w, http:\/\/5ghorses.com\/wp-content\/uploads\/2020\/01\/ultsi-768x922.jpeg 768w, http:\/\/5ghorses.com\/wp-content\/uploads\/2020\/01\/ultsi-400x480.jpeg 400w, http:\/\/5ghorses.com\/wp-content\/uploads\/2020\/01\/ultsi-600x720.jpeg 600w\" sizes=\"(max-width: 805px) 100vw, 805px\" \/><\/figure>\n\n\n\n<p>Ultsi on kohta nelikymppinen heppah\u00f6per\u00f6 Lohjalta. Hevoset ovat jollain tapaa kuuluneet h\u00e4nen el\u00e4m\u00e4\u00e4ns\u00e4 aina, mutta oman islanninhevosen Glennan h\u00e4n osti vasta kolmekymppisen\u00e4. Se oli menoa sitten&#8230; Ensimm\u00e4iset vuodet meniv\u00e4t itse kilpaillen ja valmentautuen, sittemmin Ultsi on tytt\u00e4rens\u00e4 Kertun (Gerda-Erika Viinanen) taustajoukoissa ja paikalliskerhoaktiivi. Nykyisin Ultsin oma ratsastus on j\u00e4\u00e4nyt v\u00e4hemm\u00e4lle, ja h\u00e4n heppailee l\u00e4hinn\u00e4 ratsastustunteja pit\u00e4en ja &#8221;poni\u00e4itin\u00e4&#8221; Kertun kanssa reissaten. Ultsin ja Kertun hevoset asuvat islanninhevostalli Dynurissa Nurmij\u00e4rvell\u00e4.<br><br>Ultsi hoitaa tiimiss\u00e4 sihteerin ty\u00f6sarkaa.<\/p>\n","protected":false},"excerpt":{"rendered":"<p>Ultsi on kohta nelikymppinen heppah\u00f6per\u00f6 Lohjalta. Hevoset ovat jollain tapaa kuuluneet h\u00e4nen el\u00e4m\u00e4\u00e4ns\u00e4 aina, mutta oman islanninhevosen Glennan h\u00e4n osti vasta kolmekymppisen\u00e4. Se oli menoa sitten&#8230; Ensimm\u00e4iset vuodet meniv\u00e4t itse&hellip;<\/p>\n<div class=\"read-more\"><a href=\"http:\/\/5ghorses.com\/index.php\/ulla-kaisa-kettunen\/\" class=\"read-more-link\">See More<\/a><\/div>\n","protected":false},"author":1,"featured_media":0,"parent":0,"menu_order":0,"comment_status":"closed","ping_status":"closed","template":"","meta":{"sfsi_plus_gutenberg_text_before_share":"","sfsi_plus_gutenberg_show_text_before_share":"","sfsi_plus_gutenberg_icon_type":"","sfsi_plus_gutenberg_icon_alignemt":"","sfsi_plus_gutenburg_max_per_row":""},"_links":{"self":[{"href":"http:\/\/5ghorses.com\/index.php\/wp-json\/wp\/v2\/pages\/4028"}],"collection":[{"href":"http:\/\/5ghorses.com\/index.php\/wp-json\/wp\/v2\/pages"}],"about":[{"href":"http:\/\/5ghorses.com\/index.php\/wp-json\/wp\/v2\/types\/page"}],"author":[{"embeddable":true,"href":"http:\/\/5ghorses.com\/index.php\/wp-json\/wp\/v2\/users\/1"}],"replies":[{"embeddable":true,"href":"http:\/\/5ghorses.com\/index.php\/wp-json\/wp\/v2\/comments?post=4028"}],"version-history":[{"count":1,"href":"http:\/\/5ghorses.com\/index.php\/wp-json\/wp\/v2\/pages\/4028\/revisions"}],"predecessor-version":[{"id":4030,"href":"http:\/\/5ghorses.com\/index.php\/wp-json\/wp\/v2\/pages\/4028\/revisions\/4030"}],"wp:attachment":[{"href":"http:\/\/5ghorses.com\/index.php\/wp-json\/wp\/v2\/media?parent=4028"}],"curies":[{"name":"wp","href":"https:\/\/api.w.org\/{rel}","templated":true}]}}