{"id":3867,"date":"2019-12-29T16:45:31","date_gmt":"2019-12-29T16:45:31","guid":{"rendered":"http:\/\/5ghorses.com\/?page_id=3867"},"modified":"2020-01-27T16:12:10","modified_gmt":"2020-01-27T16:12:10","slug":"milja-kuismin","status":"publish","type":"page","link":"http:\/\/5ghorses.com\/index.php\/tekijat\/milja-kuismin\/","title":{"rendered":"Milja Kuismin"},"content":{"rendered":"\n<p>Milja on lupautunut auttamaan kotisivujen k\u00e4\u00e4nn\u00f6ksiss\u00e4 ja muissa vastaavissa t\u00f6iss\u00e4 tiimiss\u00e4, sen mit\u00e4 abivuodeltaan ehtii. T\u00e4ll\u00e4 hetkell\u00e4 h\u00e4n siis keskittyy t\u00e4rke\u00e4\u00e4n opiskeluvuoteen ja kilparatsastuksessa on hieman kevyempi jakso.  <\/p>\n\n\n\n<figure class=\"wp-block-image size-large\"><img loading=\"lazy\" width=\"791\" height=\"1024\" src=\"http:\/\/5ghorses.com\/wp-content\/uploads\/2019\/12\/Milja-791x1024.jpg\" alt=\"\" class=\"wp-image-3868\" srcset=\"http:\/\/5ghorses.com\/wp-content\/uploads\/2019\/12\/Milja-791x1024.jpg 791w, http:\/\/5ghorses.com\/wp-content\/uploads\/2019\/12\/Milja-232x300.jpg 232w, http:\/\/5ghorses.com\/wp-content\/uploads\/2019\/12\/Milja-768x994.jpg 768w, http:\/\/5ghorses.com\/wp-content\/uploads\/2019\/12\/Milja-1187x1536.jpg 1187w, http:\/\/5ghorses.com\/wp-content\/uploads\/2019\/12\/Milja-400x518.jpg 400w, http:\/\/5ghorses.com\/wp-content\/uploads\/2019\/12\/Milja-600x776.jpg 600w, http:\/\/5ghorses.com\/wp-content\/uploads\/2019\/12\/Milja.jpg 1440w\" sizes=\"(max-width: 791px) 100vw, 791px\" \/><\/figure>\n\n\n\n<p>Milja on 18-vuotias lukion kolmannen vuoden opiskelija Riihim\u00e4elt\u00e4. H\u00e4n on ratsastanut islanninhevosilla 7-vuotiaasta saakka ja kilpaillut SM-tasolla alkaen vuodesta 2014 toisella hevosellaan sek\u00e4 yhdell\u00e4 Annika Kyrklundin hevosista. <br>Kes\u00e4ll\u00e4 2019 h\u00e4n voitti SM-hopeaa T2-luokassa hoidossaan olleella Br\u00e1inn fr\u00e1 Bjartavatnilla. <br>Milja on ollut my\u00f6s nimettyn\u00e4 maajoukkueeseen vuonna 2014.  <\/p>\n","protected":false},"excerpt":{"rendered":"<p>Milja on lupautunut auttamaan kotisivujen k\u00e4\u00e4nn\u00f6ksiss\u00e4 ja muissa vastaavissa t\u00f6iss\u00e4 tiimiss\u00e4, sen mit\u00e4 abivuodeltaan ehtii. T\u00e4ll\u00e4 hetkell\u00e4 h\u00e4n siis keskittyy t\u00e4rke\u00e4\u00e4n opiskeluvuoteen ja kilparatsastuksessa on hieman kevyempi jakso. Milja on&hellip;<\/p>\n<div class=\"read-more\"><a href=\"http:\/\/5ghorses.com\/index.php\/tekijat\/milja-kuismin\/\" class=\"read-more-link\">See More<\/a><\/div>\n","protected":false},"author":1,"featured_media":0,"parent":3851,"menu_order":0,"comment_status":"closed","ping_status":"closed","template":"","meta":{"sfsi_plus_gutenberg_text_before_share":"","sfsi_plus_gutenberg_show_text_before_share":"","sfsi_plus_gutenberg_icon_type":"","sfsi_plus_gutenberg_icon_alignemt":"","sfsi_plus_gutenburg_max_per_row":""},"_links":{"self":[{"href":"http:\/\/5ghorses.com\/index.php\/wp-json\/wp\/v2\/pages\/3867"}],"collection":[{"href":"http:\/\/5ghorses.com\/index.php\/wp-json\/wp\/v2\/pages"}],"about":[{"href":"http:\/\/5ghorses.com\/index.php\/wp-json\/wp\/v2\/types\/page"}],"author":[{"embeddable":true,"href":"http:\/\/5ghorses.com\/index.php\/wp-json\/wp\/v2\/users\/1"}],"replies":[{"embeddable":true,"href":"http:\/\/5ghorses.com\/index.php\/wp-json\/wp\/v2\/comments?post=3867"}],"version-history":[{"count":3,"href":"http:\/\/5ghorses.com\/index.php\/wp-json\/wp\/v2\/pages\/3867\/revisions"}],"predecessor-version":[{"id":3891,"href":"http:\/\/5ghorses.com\/index.php\/wp-json\/wp\/v2\/pages\/3867\/revisions\/3891"}],"up":[{"embeddable":true,"href":"http:\/\/5ghorses.com\/index.php\/wp-json\/wp\/v2\/pages\/3851"}],"wp:attachment":[{"href":"http:\/\/5ghorses.com\/index.php\/wp-json\/wp\/v2\/media?parent=3867"}],"curies":[{"name":"wp","href":"https:\/\/api.w.org\/{rel}","templated":true}]}}