{"id":3841,"date":"2019-12-29T15:15:46","date_gmt":"2019-12-29T15:15:46","guid":{"rendered":"http:\/\/5ghorses.com\/?page_id=3841"},"modified":"2023-02-02T14:44:44","modified_gmt":"2023-02-02T14:44:44","slug":"miina-sarsama","status":"publish","type":"page","link":"http:\/\/5ghorses.com\/index.php\/miina-sarsama\/","title":{"rendered":"Miina Sarsama"},"content":{"rendered":"\n<figure class=\"wp-block-image size-large\"><img loading=\"lazy\" width=\"1024\" height=\"683\" src=\"http:\/\/5ghorses.com\/wp-content\/uploads\/2021\/11\/image0-00E-1024x683.jpeg\" alt=\"\" class=\"wp-image-42818\" srcset=\"http:\/\/5ghorses.com\/wp-content\/uploads\/2021\/11\/image0-00E-1024x683.jpeg 1024w, http:\/\/5ghorses.com\/wp-content\/uploads\/2021\/11\/image0-00E-300x200.jpeg 300w, http:\/\/5ghorses.com\/wp-content\/uploads\/2021\/11\/image0-00E-768x512.jpeg 768w, http:\/\/5ghorses.com\/wp-content\/uploads\/2021\/11\/image0-00E-1536x1024.jpeg 1536w, http:\/\/5ghorses.com\/wp-content\/uploads\/2021\/11\/image0-00E-400x267.jpeg 400w, http:\/\/5ghorses.com\/wp-content\/uploads\/2021\/11\/image0-00E-600x400.jpeg 600w, http:\/\/5ghorses.com\/wp-content\/uploads\/2021\/11\/image0-00E.jpeg 1944w\" sizes=\"(max-width: 1024px) 100vw, 1024px\" \/><\/figure>\n\n\n\n<p>Miina Sarsama on vuonna 2005 syntynyt nuori ratsastaja Tampereelta. H\u00e4n on kilpaillut askellajiratsastuksen parissa vuodesta 2013 l\u00e4htien monilla eri hevosilla. Isoimpia saavutuksia ovat lukuisat SM-mitalit sek\u00e4 vuoden 2018 ja 2022 edustuspaikka Suomen maajoukkueessa PM-kilpailuissa.<\/p>\n\n\n\n<p>T\u00e4ll\u00e4 hetkell\u00e4 Miinan ratsuna toimii Anita ja Pekka Kaakkolan omistuksessa oleva Freir fr\u00e1 Kaakkola. Heid\u00e4n yhteinen matkansa alkoi alkuvuodesta 2020. Pari on voittanut jo viisi suomenmestaruuskultaa sek\u00e4 kerran suomenmestaruushopeaa lajeissa T1 ja V1. Pari edusti my\u00f6s Suomea PM-kilpailussa vuonna 2022, sijoittuen 4. ja 7. -sijalle. Tulevaisuudessa Miina haaveilee joukkuepaikasta MM-kilpailuihin yhdess\u00e4 Freirin kanssa.<\/p>\n\n\n\n<figure class=\"wp-block-image size-large\"><img loading=\"lazy\" width=\"635\" height=\"1024\" src=\"http:\/\/5ghorses.com\/wp-content\/uploads\/2020\/09\/IMG_2420-3-1-635x1024.jpg\" alt=\"\" class=\"wp-image-11678\" srcset=\"http:\/\/5ghorses.com\/wp-content\/uploads\/2020\/09\/IMG_2420-3-1-635x1024.jpg 635w, http:\/\/5ghorses.com\/wp-content\/uploads\/2020\/09\/IMG_2420-3-1-186x300.jpg 186w, http:\/\/5ghorses.com\/wp-content\/uploads\/2020\/09\/IMG_2420-3-1-768x1239.jpg 768w, http:\/\/5ghorses.com\/wp-content\/uploads\/2020\/09\/IMG_2420-3-1-952x1536.jpg 952w, http:\/\/5ghorses.com\/wp-content\/uploads\/2020\/09\/IMG_2420-3-1-400x645.jpg 400w, http:\/\/5ghorses.com\/wp-content\/uploads\/2020\/09\/IMG_2420-3-1-600x968.jpg 600w, http:\/\/5ghorses.com\/wp-content\/uploads\/2020\/09\/IMG_2420-3-1.jpg 1100w\" sizes=\"(max-width: 635px) 100vw, 635px\" \/><\/figure>\n\n\n\n<figure class=\"wp-block-image size-large\"><img loading=\"lazy\" width=\"1024\" height=\"683\" src=\"http:\/\/5ghorses.com\/wp-content\/uploads\/2023\/02\/52285150330_b4bcfa685f_k-1-1024x683.jpg\" alt=\"\" class=\"wp-image-43353\" srcset=\"http:\/\/5ghorses.com\/wp-content\/uploads\/2023\/02\/52285150330_b4bcfa685f_k-1-1024x683.jpg 1024w, http:\/\/5ghorses.com\/wp-content\/uploads\/2023\/02\/52285150330_b4bcfa685f_k-1-300x200.jpg 300w, http:\/\/5ghorses.com\/wp-content\/uploads\/2023\/02\/52285150330_b4bcfa685f_k-1-768x512.jpg 768w, http:\/\/5ghorses.com\/wp-content\/uploads\/2023\/02\/52285150330_b4bcfa685f_k-1-1536x1024.jpg 1536w, http:\/\/5ghorses.com\/wp-content\/uploads\/2023\/02\/52285150330_b4bcfa685f_k-1-400x267.jpg 400w, http:\/\/5ghorses.com\/wp-content\/uploads\/2023\/02\/52285150330_b4bcfa685f_k-1-600x400.jpg 600w, http:\/\/5ghorses.com\/wp-content\/uploads\/2023\/02\/52285150330_b4bcfa685f_k-1.jpg 2048w\" sizes=\"(max-width: 1024px) 100vw, 1024px\" \/><figcaption>PM-kilpailut, Kuva Stein Larsen<\/figcaption><\/figure>\n","protected":false},"excerpt":{"rendered":"<p>Miina Sarsama on vuonna 2005 syntynyt nuori ratsastaja Tampereelta. H\u00e4n on kilpaillut askellajiratsastuksen parissa vuodesta 2013 l\u00e4htien monilla eri hevosilla. Isoimpia saavutuksia ovat lukuisat SM-mitalit sek\u00e4 vuoden 2018 ja 2022&hellip;<\/p>\n<div class=\"read-more\"><a href=\"http:\/\/5ghorses.com\/index.php\/miina-sarsama\/\" class=\"read-more-link\">See More<\/a><\/div>\n","protected":false},"author":1,"featured_media":0,"parent":0,"menu_order":0,"comment_status":"closed","ping_status":"closed","template":"","meta":{"sfsi_plus_gutenberg_text_before_share":"","sfsi_plus_gutenberg_show_text_before_share":"","sfsi_plus_gutenberg_icon_type":"","sfsi_plus_gutenberg_icon_alignemt":"","sfsi_plus_gutenburg_max_per_row":""},"_links":{"self":[{"href":"http:\/\/5ghorses.com\/index.php\/wp-json\/wp\/v2\/pages\/3841"}],"collection":[{"href":"http:\/\/5ghorses.com\/index.php\/wp-json\/wp\/v2\/pages"}],"about":[{"href":"http:\/\/5ghorses.com\/index.php\/wp-json\/wp\/v2\/types\/page"}],"author":[{"embeddable":true,"href":"http:\/\/5ghorses.com\/index.php\/wp-json\/wp\/v2\/users\/1"}],"replies":[{"embeddable":true,"href":"http:\/\/5ghorses.com\/index.php\/wp-json\/wp\/v2\/comments?post=3841"}],"version-history":[{"count":9,"href":"http:\/\/5ghorses.com\/index.php\/wp-json\/wp\/v2\/pages\/3841\/revisions"}],"predecessor-version":[{"id":43354,"href":"http:\/\/5ghorses.com\/index.php\/wp-json\/wp\/v2\/pages\/3841\/revisions\/43354"}],"wp:attachment":[{"href":"http:\/\/5ghorses.com\/index.php\/wp-json\/wp\/v2\/media?parent=3841"}],"curies":[{"name":"wp","href":"https:\/\/api.w.org\/{rel}","templated":true}]}}