{"id":37733,"date":"2021-10-11T05:39:18","date_gmt":"2021-10-11T05:39:18","guid":{"rendered":"http:\/\/5ghorses.com\/?page_id=37733"},"modified":"2021-10-12T13:41:50","modified_gmt":"2021-10-12T13:41:50","slug":"hanna-huhta","status":"publish","type":"page","link":"http:\/\/5ghorses.com\/index.php\/hanna-huhta\/","title":{"rendered":"Hanna Huhta"},"content":{"rendered":"\n<figure class=\"wp-block-image size-large\"><img loading=\"lazy\" width=\"670\" height=\"1000\" src=\"http:\/\/5ghorses.com\/wp-content\/uploads\/2021\/10\/Hanna-Huhta.jpg\" alt=\"\" class=\"wp-image-37727\" srcset=\"http:\/\/5ghorses.com\/wp-content\/uploads\/2021\/10\/Hanna-Huhta.jpg 670w, http:\/\/5ghorses.com\/wp-content\/uploads\/2021\/10\/Hanna-Huhta-201x300.jpg 201w, http:\/\/5ghorses.com\/wp-content\/uploads\/2021\/10\/Hanna-Huhta-400x597.jpg 400w, http:\/\/5ghorses.com\/wp-content\/uploads\/2021\/10\/Hanna-Huhta-600x896.jpg 600w\" sizes=\"(max-width: 670px) 100vw, 670px\" \/><\/figure>\n\n\n\n<p>Hanna Huhta on vuonna 2004 syntynyt yl\u00f6j\u00e4rvel\u00e4inen ratsastaja. H\u00e4n on tehnyt pitk\u00e4\u00e4n t\u00f6it\u00e4 kilparatsunsa Teitur fr\u00e5n Marklandan kanssa, osallistuen SM-kilpailuihin jo 5 vuotena. Viime -21 vuoden mestaruuskisoissa ratsukko voitti pronssia nuorten luokassa T1.<br>Nyt Hannalla on my\u00f6s toinen hevonen, 2018 syntynyt Evert fr\u00e1 Guldsmedeg\u00e5rden, josta toivottavasti kehittyy uusi kilpahevonen ajan mittaan.<\/p>\n","protected":false},"excerpt":{"rendered":"<p>Hanna Huhta on vuonna 2004 syntynyt yl\u00f6j\u00e4rvel\u00e4inen ratsastaja. H\u00e4n on tehnyt pitk\u00e4\u00e4n t\u00f6it\u00e4 kilparatsunsa Teitur fr\u00e5n Marklandan kanssa, osallistuen SM-kilpailuihin jo 5 vuotena. Viime -21 vuoden mestaruuskisoissa ratsukko voitti pronssia&hellip;<\/p>\n<div class=\"read-more\"><a href=\"http:\/\/5ghorses.com\/index.php\/hanna-huhta\/\" class=\"read-more-link\">See More<\/a><\/div>\n","protected":false},"author":1,"featured_media":0,"parent":0,"menu_order":0,"comment_status":"closed","ping_status":"closed","template":"","meta":{"sfsi_plus_gutenberg_text_before_share":"","sfsi_plus_gutenberg_show_text_before_share":"","sfsi_plus_gutenberg_icon_type":"","sfsi_plus_gutenberg_icon_alignemt":"","sfsi_plus_gutenburg_max_per_row":""},"_links":{"self":[{"href":"http:\/\/5ghorses.com\/index.php\/wp-json\/wp\/v2\/pages\/37733"}],"collection":[{"href":"http:\/\/5ghorses.com\/index.php\/wp-json\/wp\/v2\/pages"}],"about":[{"href":"http:\/\/5ghorses.com\/index.php\/wp-json\/wp\/v2\/types\/page"}],"author":[{"embeddable":true,"href":"http:\/\/5ghorses.com\/index.php\/wp-json\/wp\/v2\/users\/1"}],"replies":[{"embeddable":true,"href":"http:\/\/5ghorses.com\/index.php\/wp-json\/wp\/v2\/comments?post=37733"}],"version-history":[{"count":4,"href":"http:\/\/5ghorses.com\/index.php\/wp-json\/wp\/v2\/pages\/37733\/revisions"}],"predecessor-version":[{"id":37903,"href":"http:\/\/5ghorses.com\/index.php\/wp-json\/wp\/v2\/pages\/37733\/revisions\/37903"}],"wp:attachment":[{"href":"http:\/\/5ghorses.com\/index.php\/wp-json\/wp\/v2\/media?parent=37733"}],"curies":[{"name":"wp","href":"https:\/\/api.w.org\/{rel}","templated":true}]}}