{"id":20771,"date":"2021-05-10T12:12:19","date_gmt":"2021-05-10T12:12:19","guid":{"rendered":"http:\/\/5ghorses.com\/?page_id=20771"},"modified":"2021-05-11T11:49:54","modified_gmt":"2021-05-11T11:49:54","slug":"yritys-yhteistyo","status":"publish","type":"page","link":"http:\/\/5ghorses.com\/index.php\/yritys-yhteistyo\/","title":{"rendered":"Yritys yhteisty\u00f6"},"content":{"rendered":"\n<p>Yrityksille tarjoamme positiivista n\u00e4kyvyytt\u00e4 eri muodoissa, joista sovimme tarkemmin tapauskohtaisesti. Yritys voi halutessaan antaa tukensa my\u00f6s ilman julkista n\u00e4kyvyytt\u00e4.<br>Tukisumma 300\u20ac (tai sopimuksen mukaan)<\/p>\n\n\n<div class=\"wpforms-container wpforms-container-full\" id=\"wpforms-20756\"><form id=\"wpforms-form-20756\" class=\"wpforms-validate wpforms-form\" data-formid=\"20756\" method=\"post\" enctype=\"multipart\/form-data\" action=\"\/index.php\/wp-json\/wp\/v2\/pages\/20771\" data-token=\"24c0b51e58f4246a33448d958e75733e\"><noscript class=\"wpforms-error-noscript\">Please enable JavaScript in your browser to complete this form.<\/noscript><div class=\"wpforms-field-container\"><div id=\"wpforms-20756-field_3-container\" class=\"wpforms-field wpforms-field-text\" data-field-id=\"3\"><label class=\"wpforms-field-label\" for=\"wpforms-20756-field_3\">Yritys <span class=\"wpforms-required-label\">*<\/span><\/label><input type=\"text\" id=\"wpforms-20756-field_3\" class=\"wpforms-field-medium wpforms-field-required\" name=\"wpforms[fields][3]\" required><\/div><div id=\"wpforms-20756-field_1-container\" class=\"wpforms-field wpforms-field-email\" data-field-id=\"1\"><label class=\"wpforms-field-label\" for=\"wpforms-20756-field_1\">Email <span class=\"wpforms-required-label\">*<\/span><\/label><input type=\"email\" id=\"wpforms-20756-field_1\" class=\"wpforms-field-medium wpforms-field-required\" name=\"wpforms[fields][1]\" required><\/div><div id=\"wpforms-20756-field_4-container\" class=\"wpforms-field wpforms-field-text\" data-field-id=\"4\"><label class=\"wpforms-field-label\" for=\"wpforms-20756-field_4\">Yhteyshenkil\u00f6 <span class=\"wpforms-required-label\">*<\/span><\/label><input type=\"text\" id=\"wpforms-20756-field_4\" class=\"wpforms-field-medium wpforms-field-required\" name=\"wpforms[fields][4]\" required><\/div><div id=\"wpforms-20756-field_6-container\" class=\"wpforms-field wpforms-field-number\" data-field-id=\"6\"><label class=\"wpforms-field-label\" for=\"wpforms-20756-field_6\">puhelinnumero<\/label><input type=\"number\" pattern=\"\\d*\" id=\"wpforms-20756-field_6\" class=\"wpforms-field-medium\" name=\"wpforms[fields][6]\" ><\/div><div id=\"wpforms-20756-field_9-container\" class=\"wpforms-field wpforms-field-text\" data-field-id=\"9\"><label class=\"wpforms-field-label\" for=\"wpforms-20756-field_9\">Laskutustiedot<\/label><input type=\"text\" id=\"wpforms-20756-field_9\" class=\"wpforms-field-medium\" name=\"wpforms[fields][9]\" ><\/div><div id=\"wpforms-20756-field_7-container\" class=\"wpforms-field wpforms-field-radio\" data-field-id=\"7\"><label class=\"wpforms-field-label\" for=\"wpforms-20756-field_7\">Yhteydenotto<\/label><ul id=\"wpforms-20756-field_7\"><li class=\"choice-1 depth-1\"><input type=\"radio\" id=\"wpforms-20756-field_7_1\" name=\"wpforms[fields][7]\" value=\"yhteydenotto mieluiten s\u00e4hk\u00f6postilla\"  ><label class=\"wpforms-field-label-inline\" for=\"wpforms-20756-field_7_1\">yhteydenotto mieluiten s\u00e4hk\u00f6postilla<\/label><\/li><li class=\"choice-2 depth-1\"><input type=\"radio\" id=\"wpforms-20756-field_7_2\" name=\"wpforms[fields][7]\" value=\"yhteydenotto mieluiten puhelimitse\"  ><label class=\"wpforms-field-label-inline\" for=\"wpforms-20756-field_7_2\">yhteydenotto mieluiten puhelimitse<\/label><\/li><\/ul><\/div><div id=\"wpforms-20756-field_8-container\" class=\"wpforms-field wpforms-field-radio\" data-field-id=\"8\"><label class=\"wpforms-field-label\" for=\"wpforms-20756-field_8\">Yhteisty\u00f6n muoto <span class=\"wpforms-required-label\">*<\/span><\/label><ul id=\"wpforms-20756-field_8\" class=\"wpforms-field-required\"><li class=\"choice-5 depth-1\"><input type=\"radio\" id=\"wpforms-20756-field_8_5\" name=\"wpforms[fields][8]\" value=\"kilpailuluokan omistaminen\" required ><label class=\"wpforms-field-label-inline\" for=\"wpforms-20756-field_8_5\">kilpailuluokan omistaminen<\/label><\/li><li class=\"choice-6 depth-1\"><input type=\"radio\" id=\"wpforms-20756-field_8_6\" name=\"wpforms[fields][8]\" value=\"arpajaispalkintoja\" required ><label class=\"wpforms-field-label-inline\" for=\"wpforms-20756-field_8_6\">arpajaispalkintoja<\/label><\/li><li class=\"choice-1 depth-1\"><input type=\"radio\" id=\"wpforms-20756-field_8_1\" name=\"wpforms[fields][8]\" value=\"mainos\/tunnettuus yhteisty\u00f6\" required ><label class=\"wpforms-field-label-inline\" for=\"wpforms-20756-field_8_1\">mainos\/tunnettuus yhteisty\u00f6<\/label><\/li><li class=\"choice-2 depth-1\"><input type=\"radio\" id=\"wpforms-20756-field_8_2\" name=\"wpforms[fields][8]\" value=\"tuki ilman n\u00e4kyvyytt\u00e4\" required ><label class=\"wpforms-field-label-inline\" for=\"wpforms-20756-field_8_2\">tuki ilman n\u00e4kyvyytt\u00e4<\/label><\/li><li class=\"choice-4 depth-1\"><input type=\"radio\" id=\"wpforms-20756-field_8_4\" name=\"wpforms[fields][8]\" value=\"p\u00e4\u00e4t\u00e4mme my\u00f6hemmin\" required ><label class=\"wpforms-field-label-inline\" for=\"wpforms-20756-field_8_4\">p\u00e4\u00e4t\u00e4mme my\u00f6hemmin<\/label><\/li><\/ul><\/div><div id=\"wpforms-20756-field_2-container\" class=\"wpforms-field wpforms-field-textarea\" data-field-id=\"2\"><label class=\"wpforms-field-label\" for=\"wpforms-20756-field_2\">muuta<\/label><textarea id=\"wpforms-20756-field_2\" class=\"wpforms-field-medium\" name=\"wpforms[fields][2]\" ><\/textarea><\/div><\/div><div class=\"wpforms-submit-container\"><input type=\"hidden\" name=\"wpforms[id]\" value=\"20756\"><input type=\"hidden\" name=\"wpforms[author]\" value=\"1\"><button type=\"submit\" name=\"wpforms[submit]\" id=\"wpforms-submit-20756\" class=\"wpforms-submit\" data-alt-text=\"L\u00e4hett\u00e4\u00e4..\" data-submit-text=\"L\u00e4het\u00e4 \" aria-live=\"assertive\" value=\"wpforms-submit\">L\u00e4het\u00e4 <\/button><\/div><\/form><\/div>  <!-- .wpforms-container -->","protected":false},"excerpt":{"rendered":"<p>Yrityksille tarjoamme positiivista n\u00e4kyvyytt\u00e4 eri muodoissa, joista sovimme tarkemmin tapauskohtaisesti. Yritys voi halutessaan antaa tukensa my\u00f6s ilman julkista n\u00e4kyvyytt\u00e4.Tukisumma 300\u20ac (tai sopimuksen mukaan)<\/p>\n","protected":false},"author":1,"featured_media":0,"parent":0,"menu_order":0,"comment_status":"closed","ping_status":"closed","template":"","meta":{"sfsi_plus_gutenberg_text_before_share":"","sfsi_plus_gutenberg_show_text_before_share":"","sfsi_plus_gutenberg_icon_type":"","sfsi_plus_gutenberg_icon_alignemt":"","sfsi_plus_gutenburg_max_per_row":""},"_links":{"self":[{"href":"http:\/\/5ghorses.com\/index.php\/wp-json\/wp\/v2\/pages\/20771"}],"collection":[{"href":"http:\/\/5ghorses.com\/index.php\/wp-json\/wp\/v2\/pages"}],"about":[{"href":"http:\/\/5ghorses.com\/index.php\/wp-json\/wp\/v2\/types\/page"}],"author":[{"embeddable":true,"href":"http:\/\/5ghorses.com\/index.php\/wp-json\/wp\/v2\/users\/1"}],"replies":[{"embeddable":true,"href":"http:\/\/5ghorses.com\/index.php\/wp-json\/wp\/v2\/comments?post=20771"}],"version-history":[{"count":4,"href":"http:\/\/5ghorses.com\/index.php\/wp-json\/wp\/v2\/pages\/20771\/revisions"}],"predecessor-version":[{"id":20924,"href":"http:\/\/5ghorses.com\/index.php\/wp-json\/wp\/v2\/pages\/20771\/revisions\/20924"}],"wp:attachment":[{"href":"http:\/\/5ghorses.com\/index.php\/wp-json\/wp\/v2\/media?parent=20771"}],"curies":[{"name":"wp","href":"https:\/\/api.w.org\/{rel}","templated":true}]}}